{"id":49524,"date":"2021-10-11T16:56:02","date_gmt":"2021-10-11T16:56:02","guid":{"rendered":"https:\/\/seydasoyler.com.tr\/demo\/?page_id=49524"},"modified":"2022-08-26T21:49:00","modified_gmt":"2022-08-26T21:49:00","slug":"cellulite-treatment-and-regional-slimming","status":"publish","type":"page","link":"https:\/\/seydasoyler.com.tr\/en\/cellulite-treatment-and-regional-slimming\/","title":{"rendered":"Cellulite Treatment and Regional Slimming"},"content":{"rendered":"\t\t<div data-elementor-type=\"wp-page\" data-elementor-id=\"49524\" class=\"elementor elementor-49524\">\n\t\t\t\t\t\t<section class=\"elementor-section elementor-top-section elementor-element elementor-element-ce43242 elementor-section-stretched elementor-section-boxed elementor-section-height-default elementor-section-height-default\" data-id=\"ce43242\" data-element_type=\"section\" data-settings=\"{&quot;background_background&quot;:&quot;classic&quot;,&quot;stretch_section&quot;:&quot;section-stretched&quot;}\">\n\t\t\t\t\t\t<div class=\"elementor-container elementor-column-gap-default\">\n\t\t\t\t\t<div class=\"elementor-column elementor-col-100 elementor-top-column elementor-element elementor-element-8278b12\" data-id=\"8278b12\" data-element_type=\"column\">\n\t\t\t<div class=\"elementor-widget-wrap elementor-element-populated\">\n\t\t\t\t\t\t<div class=\"elementor-element elementor-element-d969c8b ready-to-transform elementor-widget elementor-widget-heading\" data-id=\"d969c8b\" data-element_type=\"widget\" data-widget_type=\"heading.default\">\n\t\t\t\t<div class=\"elementor-widget-container\">\n\t\t\t<h3 class=\"elementor-heading-title elementor-size-default\">Cellulite Treatment and Regional Slimming <\/h3>\t\t<\/div>\n\t\t\t\t<\/div>\n\t\t\t\t<div class=\"elementor-element elementor-element-757114f elementor-widget elementor-widget-text-editor\" data-id=\"757114f\" data-element_type=\"widget\" data-widget_type=\"text-editor.default\">\n\t\t\t\t<div class=\"elementor-widget-container\">\n\t\t\t\t\t\t\t<p><strong>About Cellulite Treatment and Regional Slimming <\/strong><\/p><p>Rhythmic Vibration Massage is a very effective method known for its short-term effect in the treatment of cellulite. Lactic Acid accumulated in the muscles are reduced to normal levels by directing rapid vibrations in this technique. After this massage, there is an observable remission in the cellulite appearance Besides, regional tightening and slimming is attained at the same time.<\/p><p><strong>What is the Rhythmic Massage Method?<\/strong><\/p><p>Rhythmic Massage with the Aqua Fit device helps you to get rid of the cellulite appearance by producing long-term results in a short time. Cells are activated through implementation of vibration and repulsive movements with the device. The application of the repulsive force helps in tightening the body. The massage that facilitates loosening the regional fat tissue also accelerates burning of fat.<\/p><p>Rhythmic Massage Method is an application that many have been pleased with and gives highly successful results. In addition to cellulite treatment, it also generates positive results in regional slimming. This method also provides for recovery in removal of edema or spasm treatments.<\/p><p><strong>What are the Benefits of Rhythmic Massage Method?<\/strong><\/p><p>Rhythmic Massage Method;<\/p><ul><li>Accelerates fat burning,<\/li><li>Regulates regional circulation,<\/li><li>Increases metabolism,<\/li><li>Effective in maintaining circulation,<\/li><li>Used in treating complaints for chronic fatigue,<\/li><li>And elevating movement capability of muscles and joints.<\/li><\/ul>\t\t\t\t\t\t<\/div>\n\t\t\t\t<\/div>\n\t\t\t\t<section class=\"elementor-section elementor-inner-section elementor-element elementor-element-1323f37 elementor-section-boxed elementor-section-height-default elementor-section-height-default\" data-id=\"1323f37\" data-element_type=\"section\">\n\t\t\t\t\t\t<div class=\"elementor-container elementor-column-gap-default\">\n\t\t\t\t\t<div class=\"elementor-column elementor-col-33 elementor-inner-column elementor-element elementor-element-aa89bbf\" data-id=\"aa89bbf\" data-element_type=\"column\">\n\t\t\t<div class=\"elementor-widget-wrap elementor-element-populated\">\n\t\t\t\t\t\t<div class=\"elementor-element elementor-element-fe6e342 image-move-top-bottom elementor-widget elementor-widget-image\" data-id=\"fe6e342\" data-element_type=\"widget\" data-widget_type=\"image.default\">\n\t\t\t\t<div class=\"elementor-widget-container\">\n\t\t\t\t\t\t\t\t\t\t\t\t\t<img fetchpriority=\"high\" width=\"1200\" height=\"800\" src=\"https:\/\/seydasoyler.com.tr\/en\/wp-content\/uploads\/2021\/11\/bolgeselzayiflamanisantasi.jpg\" class=\"attachment-full size-full wp-image-49773\" alt=\"\" srcset=\"https:\/\/seydasoyler.com.tr\/en\/wp-content\/uploads\/2021\/11\/bolgeselzayiflamanisantasi.jpg 1200w, https:\/\/seydasoyler.com.tr\/en\/wp-content\/uploads\/2021\/11\/bolgeselzayiflamanisantasi-360x240.jpg 360w, https:\/\/seydasoyler.com.tr\/en\/wp-content\/uploads\/2021\/11\/bolgeselzayiflamanisantasi-1024x683.jpg 1024w, https:\/\/seydasoyler.com.tr\/en\/wp-content\/uploads\/2021\/11\/bolgeselzayiflamanisantasi-768x512.jpg 768w, https:\/\/seydasoyler.com.tr\/en\/wp-content\/uploads\/2021\/11\/bolgeselzayiflamanisantasi-600x400.jpg 600w\" sizes=\"(max-width: 1200px) 100vw, 1200px\" \/>\t\t\t\t\t\t\t\t\t\t\t\t\t<\/div>\n\t\t\t\t<\/div>\n\t\t\t\t\t<\/div>\n\t\t<\/div>\n\t\t\t\t<div class=\"elementor-column elementor-col-33 elementor-inner-column elementor-element elementor-element-5597cbd\" data-id=\"5597cbd\" data-element_type=\"column\">\n\t\t\t<div class=\"elementor-widget-wrap elementor-element-populated\">\n\t\t\t\t\t\t<div class=\"elementor-element elementor-element-a490c22 image-move-top-bottom elementor-widget elementor-widget-image\" data-id=\"a490c22\" data-element_type=\"widget\" data-widget_type=\"image.default\">\n\t\t\t\t<div class=\"elementor-widget-container\">\n\t\t\t\t\t\t\t\t\t\t\t\t\t<img width=\"1200\" height=\"800\" src=\"https:\/\/seydasoyler.com.tr\/en\/wp-content\/uploads\/2021\/11\/bolgeselzayiflama.jpg\" class=\"attachment-full size-full wp-image-49772\" alt=\"\" srcset=\"https:\/\/seydasoyler.com.tr\/en\/wp-content\/uploads\/2021\/11\/bolgeselzayiflama.jpg 1200w, https:\/\/seydasoyler.com.tr\/en\/wp-content\/uploads\/2021\/11\/bolgeselzayiflama-360x240.jpg 360w, https:\/\/seydasoyler.com.tr\/en\/wp-content\/uploads\/2021\/11\/bolgeselzayiflama-1024x683.jpg 1024w, https:\/\/seydasoyler.com.tr\/en\/wp-content\/uploads\/2021\/11\/bolgeselzayiflama-768x512.jpg 768w, https:\/\/seydasoyler.com.tr\/en\/wp-content\/uploads\/2021\/11\/bolgeselzayiflama-600x400.jpg 600w\" sizes=\"(max-width: 1200px) 100vw, 1200px\" \/>\t\t\t\t\t\t\t\t\t\t\t\t\t<\/div>\n\t\t\t\t<\/div>\n\t\t\t\t\t<\/div>\n\t\t<\/div>\n\t\t\t\t<div class=\"elementor-column elementor-col-33 elementor-inner-column elementor-element elementor-element-7a606c1\" data-id=\"7a606c1\" data-element_type=\"column\">\n\t\t\t<div class=\"elementor-widget-wrap elementor-element-populated\">\n\t\t\t\t\t\t<div class=\"elementor-element elementor-element-2308a94 image-move-top-bottom elementor-widget elementor-widget-image\" data-id=\"2308a94\" data-element_type=\"widget\" data-widget_type=\"image.default\">\n\t\t\t\t<div class=\"elementor-widget-container\">\n\t\t\t\t\t\t\t\t\t\t\t\t\t<img width=\"1200\" height=\"800\" src=\"https:\/\/seydasoyler.com.tr\/en\/wp-content\/uploads\/2021\/11\/shutterstock_1294091845.jpg\" class=\"attachment-full size-full wp-image-49770\" alt=\"\" srcset=\"https:\/\/seydasoyler.com.tr\/en\/wp-content\/uploads\/2021\/11\/shutterstock_1294091845.jpg 1200w, https:\/\/seydasoyler.com.tr\/en\/wp-content\/uploads\/2021\/11\/shutterstock_1294091845-360x240.jpg 360w, https:\/\/seydasoyler.com.tr\/en\/wp-content\/uploads\/2021\/11\/shutterstock_1294091845-1024x683.jpg 1024w, https:\/\/seydasoyler.com.tr\/en\/wp-content\/uploads\/2021\/11\/shutterstock_1294091845-768x512.jpg 768w, https:\/\/seydasoyler.com.tr\/en\/wp-content\/uploads\/2021\/11\/shutterstock_1294091845-600x400.jpg 600w\" sizes=\"(max-width: 1200px) 100vw, 1200px\" \/>\t\t\t\t\t\t\t\t\t\t\t\t\t<\/div>\n\t\t\t\t<\/div>\n\t\t\t\t\t<\/div>\n\t\t<\/div>\n\t\t\t\t\t<\/div>\n\t\t<\/section>\n\t\t\t\t\t<\/div>\n\t\t<\/div>\n\t\t\t\t\t<\/div>\n\t\t<\/section>\n\t\t\t\t<section class=\"elementor-section elementor-top-section elementor-element elementor-element-5a5c81b elementor-section-stretched elementor-section-boxed elementor-section-height-default elementor-section-height-default\" data-id=\"5a5c81b\" data-element_type=\"section\" data-settings=\"{&quot;background_background&quot;:&quot;classic&quot;,&quot;stretch_section&quot;:&quot;section-stretched&quot;}\">\n\t\t\t\t\t\t<div class=\"elementor-container elementor-column-gap-default\">\n\t\t\t\t\t<div class=\"elementor-column elementor-col-33 elementor-top-column elementor-element elementor-element-b69c1b7\" data-id=\"b69c1b7\" data-element_type=\"column\">\n\t\t\t<div class=\"elementor-widget-wrap elementor-element-populated\">\n\t\t\t\t\t\t<div class=\"elementor-element elementor-element-274732b elementor-widget elementor-widget-heading\" data-id=\"274732b\" data-element_type=\"widget\" data-widget_type=\"heading.default\">\n\t\t\t\t<div class=\"elementor-widget-container\">\n\t\t\t<p class=\"elementor-heading-title elementor-size-default\">\u015eeyda S\u00f6yler Ni\u015fanta\u015f\u0131<\/p>\t\t<\/div>\n\t\t\t\t<\/div>\n\t\t\t\t<div class=\"elementor-element elementor-element-9135b20 ready-to-transform elementor-widget elementor-widget-heading\" data-id=\"9135b20\" data-element_type=\"widget\" data-widget_type=\"heading.default\">\n\t\t\t\t<div class=\"elementor-widget-container\">\n\t\t\t<h3 class=\"elementor-heading-title elementor-size-default\">Frequently Asked Questions<\/h3>\t\t<\/div>\n\t\t\t\t<\/div>\n\t\t\t\t<section class=\"elementor-section elementor-inner-section elementor-element elementor-element-e629fde move-icon-sidewise elementor-section-boxed elementor-section-height-default elementor-section-height-default\" data-id=\"e629fde\" data-element_type=\"section\">\n\t\t\t\t\t\t<div class=\"elementor-container elementor-column-gap-default\">\n\t\t\t\t\t<div class=\"elementor-column elementor-col-100 elementor-inner-column elementor-element elementor-element-b7da098\" data-id=\"b7da098\" data-element_type=\"column\">\n\t\t\t<div class=\"elementor-widget-wrap elementor-element-populated\">\n\t\t\t\t\t\t<div class=\"elementor-element elementor-element-a961f39 rt-hospital-detail elementor-vertical-align-top elementor-widget elementor-widget-image-box\" data-id=\"a961f39\" data-element_type=\"widget\" data-widget_type=\"image-box.default\">\n\t\t\t\t<div class=\"elementor-widget-container\">\n\t\t\t<div class=\"elementor-image-box-wrapper\"><div class=\"elementor-image-box-content\"><h6 class=\"elementor-image-box-title\">How is it Applied?<\/h6><p class=\"elementor-image-box-description\">A special creme that enhances the fat burning effect is applied on the specific region during the procedure. The application carried out by our trained specialist takes about 20-40 minutes. The interval between the sessions is 4-7 days. <\/p><\/div><\/div>\t\t<\/div>\n\t\t\t\t<\/div>\n\t\t\t\t\t<\/div>\n\t\t<\/div>\n\t\t\t\t\t<\/div>\n\t\t<\/section>\n\t\t\t\t<section class=\"elementor-section elementor-inner-section elementor-element elementor-element-e1c268a move-icon-sidewise elementor-section-boxed elementor-section-height-default elementor-section-height-default\" data-id=\"e1c268a\" data-element_type=\"section\">\n\t\t\t\t\t\t<div class=\"elementor-container elementor-column-gap-default\">\n\t\t\t\t\t<div class=\"elementor-column elementor-col-100 elementor-inner-column elementor-element elementor-element-6583621\" data-id=\"6583621\" data-element_type=\"column\">\n\t\t\t<div class=\"elementor-widget-wrap elementor-element-populated\">\n\t\t\t\t\t\t<div class=\"elementor-element elementor-element-a07e978 rt-hospital-detail elementor-vertical-align-top elementor-widget elementor-widget-image-box\" data-id=\"a07e978\" data-element_type=\"widget\" data-widget_type=\"image-box.default\">\n\t\t\t\t<div class=\"elementor-widget-container\">\n\t\t\t<div class=\"elementor-image-box-wrapper\"><div class=\"elementor-image-box-content\"><h6 class=\"elementor-image-box-title\">Nas\u0131l Uygulan\u0131r ?<\/h6><p class=\"elementor-image-box-description\">Uygulama s\u0131ras\u0131nda ilgili b\u00f6lgeye ya\u011f yak\u0131c\u0131 etkiyi art\u0131ran \u00f6zel bir krem b\u00f6lgeye uygulan\u0131r. E\u011fitimli uzman\u0131m\u0131z taraf\u0131ndan ger\u00e7ekle\u015ftirilen uygulama yakla\u015f\u0131k 20-40 dakika s\u00fcrmektedir. Seans aral\u0131klar\u0131 4-7 g\u00fcnd\u00fcr. <\/p><\/div><\/div>\t\t<\/div>\n\t\t\t\t<\/div>\n\t\t\t\t\t<\/div>\n\t\t<\/div>\n\t\t\t\t\t<\/div>\n\t\t<\/section>\n\t\t\t\t<section class=\"elementor-section elementor-inner-section elementor-element elementor-element-3128c8a move-icon-sidewise elementor-section-boxed elementor-section-height-default elementor-section-height-default\" data-id=\"3128c8a\" data-element_type=\"section\">\n\t\t\t\t\t\t<div class=\"elementor-container elementor-column-gap-default\">\n\t\t\t\t\t<div class=\"elementor-column elementor-col-100 elementor-inner-column elementor-element elementor-element-b2e24cc\" data-id=\"b2e24cc\" data-element_type=\"column\">\n\t\t\t<div class=\"elementor-widget-wrap elementor-element-populated\">\n\t\t\t\t\t\t<div class=\"elementor-element elementor-element-aee10c2 rt-hospital-detail elementor-vertical-align-top elementor-widget elementor-widget-image-box\" data-id=\"aee10c2\" data-element_type=\"widget\" data-widget_type=\"image-box.default\">\n\t\t\t\t<div class=\"elementor-widget-container\">\n\t\t\t<div class=\"elementor-image-box-wrapper\"><div class=\"elementor-image-box-content\"><h6 class=\"elementor-image-box-title\">Attention Should Be Paid To<\/h6><p class=\"elementor-image-box-description\">The application should definitely be provided by experts who are trained in this field. The person performing the application should have a command of the direction of muscles and adjust the stiffness level for each individual. \nNo visible results should be expected immediately after the application. For an accurate and fast outcome, the application should be performed 3 times a week. It is quite important to support the procedure with a regular diet and sports. A total of 2-7 cm slimming may be achieved as a result of the sessions once all these points are paid attention to. \n<\/p><\/div><\/div>\t\t<\/div>\n\t\t\t\t<\/div>\n\t\t\t\t\t<\/div>\n\t\t<\/div>\n\t\t\t\t\t<\/div>\n\t\t<\/section>\n\t\t\t\t\t<\/div>\n\t\t<\/div>\n\t\t\t\t<div class=\"elementor-column elementor-col-33 elementor-top-column elementor-element elementor-element-6017586\" data-id=\"6017586\" data-element_type=\"column\">\n\t\t\t<div class=\"elementor-widget-wrap\">\n\t\t\t\t\t\t\t<\/div>\n\t\t<\/div>\n\t\t\t\t<div class=\"elementor-column elementor-col-33 elementor-top-column elementor-element elementor-element-b4e7baa\" data-id=\"b4e7baa\" data-element_type=\"column\">\n\t\t\t<div class=\"elementor-widget-wrap elementor-element-populated\">\n\t\t\t\t\t\t<div class=\"elementor-element elementor-element-b9f15dd elementor-widget-mobile__width-initial moving-image-left-right elementor-widget elementor-widget-image\" data-id=\"b9f15dd\" data-element_type=\"widget\" data-widget_type=\"image.default\">\n\t\t\t\t<div class=\"elementor-widget-container\">\n\t\t\t\t\t\t\t\t\t\t\t\t\t<img loading=\"lazy\" width=\"1200\" height=\"662\" src=\"https:\/\/seydasoyler.com.tr\/en\/wp-content\/uploads\/2021\/10\/shutterstock_703882291.jpg\" class=\"attachment-full size-full wp-image-49480\" alt=\"\" srcset=\"https:\/\/seydasoyler.com.tr\/en\/wp-content\/uploads\/2021\/10\/shutterstock_703882291.jpg 1200w, https:\/\/seydasoyler.com.tr\/en\/wp-content\/uploads\/2021\/10\/shutterstock_703882291-400x221.jpg 400w, https:\/\/seydasoyler.com.tr\/en\/wp-content\/uploads\/2021\/10\/shutterstock_703882291-1024x565.jpg 1024w, https:\/\/seydasoyler.com.tr\/en\/wp-content\/uploads\/2021\/10\/shutterstock_703882291-768x424.jpg 768w, https:\/\/seydasoyler.com.tr\/en\/wp-content\/uploads\/2021\/10\/shutterstock_703882291-600x331.jpg 600w\" sizes=\"(max-width: 1200px) 100vw, 1200px\" \/>\t\t\t\t\t\t\t\t\t\t\t\t\t<\/div>\n\t\t\t\t<\/div>\n\t\t\t\t\t<\/div>\n\t\t<\/div>\n\t\t\t\t\t<\/div>\n\t\t<\/section>\n\t\t\t\t<\/div>\n\t\t","protected":false},"excerpt":{"rendered":"<p>Cellulite Treatment and Regional Slimming About Cellulite Treatment and Regional Slimming Rhythmic Vibration Massage is a very effective method known for its short-term effect in the treatment of cellulite. Lactic Acid accumulated in the muscles are reduced to normal levels by directing rapid vibrations in this technique. After this massage, there is an observable remission [&hellip;]<\/p>\n","protected":false},"author":1,"featured_media":49389,"parent":0,"menu_order":0,"comment_status":"closed","ping_status":"closed","template":"elementor_header_footer","meta":{"_joinchat":[]},"acf":[],"yoast_head":"<!-- This site is optimized with the Yoast SEO plugin v20.6 - https:\/\/yoast.com\/wordpress\/plugins\/seo\/ -->\n<title>Cellulite Treatment and Regional Slimming - \u015eeyda S\u00f6yler Ni\u015fanta\u015f\u0131<\/title>\n<meta name=\"description\" content=\"Sel\u00fclit g\u00f6r\u00fcn\u00fcm\u00fcn\u00fcn tedavisinde k\u0131sa s\u00fcrede etki etmesi ile bilinen ritmik titre\u015fim masaj\u0131 olduk\u00e7a etkili bir y\u00f6ntemdir.\" \/>\n<meta name=\"robots\" content=\"index, follow, max-snippet:-1, max-image-preview:large, max-video-preview:-1\" \/>\n<link rel=\"canonical\" href=\"https:\/\/seydasoyler.com.tr\/en\/cellulite-treatment-and-regional-slimming\/\" \/>\n<meta property=\"og:locale\" content=\"tr_TR\" \/>\n<meta property=\"og:type\" content=\"article\" \/>\n<meta property=\"og:title\" content=\"Cellulite Treatment and Regional Slimming - \u015eeyda S\u00f6yler Ni\u015fanta\u015f\u0131\" \/>\n<meta property=\"og:description\" content=\"Sel\u00fclit g\u00f6r\u00fcn\u00fcm\u00fcn\u00fcn tedavisinde k\u0131sa s\u00fcrede etki etmesi ile bilinen ritmik titre\u015fim masaj\u0131 olduk\u00e7a etkili bir y\u00f6ntemdir.\" \/>\n<meta property=\"og:url\" content=\"https:\/\/seydasoyler.com.tr\/en\/cellulite-treatment-and-regional-slimming\/\" \/>\n<meta property=\"og:site_name\" content=\"\u015eeyda S\u00f6yler Ni\u015fanta\u015f\u0131\" \/>\n<meta property=\"article:modified_time\" content=\"2022-08-26T21:49:00+00:00\" \/>\n<meta property=\"og:image\" content=\"https:\/\/seydasoyler.com.tr\/en\/wp-content\/uploads\/2021\/10\/seyda-bg.jpg\" \/>\n\t<meta property=\"og:image:width\" content=\"1600\" \/>\n\t<meta property=\"og:image:height\" content=\"350\" \/>\n\t<meta property=\"og:image:type\" content=\"image\/jpeg\" \/>\n<meta name=\"twitter:card\" content=\"summary_large_image\" \/>\n<meta name=\"twitter:label1\" content=\"Tahmini okuma s\u00fcresi\" \/>\n\t<meta name=\"twitter:data1\" content=\"4 dakika\" \/>\n<script type=\"application\/ld+json\" class=\"yoast-schema-graph\">{\"@context\":\"https:\/\/schema.org\",\"@graph\":[{\"@type\":\"WebPage\",\"@id\":\"https:\/\/seydasoyler.com.tr\/en\/cellulite-treatment-and-regional-slimming\/\",\"url\":\"https:\/\/seydasoyler.com.tr\/en\/cellulite-treatment-and-regional-slimming\/\",\"name\":\"Cellulite Treatment and Regional Slimming - \u015eeyda S\u00f6yler Ni\u015fanta\u015f\u0131\",\"isPartOf\":{\"@id\":\"https:\/\/seydasoyler.com.tr\/en\/#website\"},\"datePublished\":\"2021-10-11T16:56:02+00:00\",\"dateModified\":\"2022-08-26T21:49:00+00:00\",\"description\":\"Sel\u00fclit g\u00f6r\u00fcn\u00fcm\u00fcn\u00fcn tedavisinde k\u0131sa s\u00fcrede etki etmesi ile bilinen ritmik titre\u015fim masaj\u0131 olduk\u00e7a etkili bir y\u00f6ntemdir.\",\"breadcrumb\":{\"@id\":\"https:\/\/seydasoyler.com.tr\/en\/cellulite-treatment-and-regional-slimming\/#breadcrumb\"},\"inLanguage\":\"tr\",\"potentialAction\":[{\"@type\":\"ReadAction\",\"target\":[\"https:\/\/seydasoyler.com.tr\/en\/cellulite-treatment-and-regional-slimming\/\"]}]},{\"@type\":\"BreadcrumbList\",\"@id\":\"https:\/\/seydasoyler.com.tr\/en\/cellulite-treatment-and-regional-slimming\/#breadcrumb\",\"itemListElement\":[{\"@type\":\"ListItem\",\"position\":1,\"name\":\"Home\",\"item\":\"https:\/\/seydasoyler.com.tr\/en\/\"},{\"@type\":\"ListItem\",\"position\":2,\"name\":\"Cellulite Treatment and Regional Slimming\"}]},{\"@type\":\"WebSite\",\"@id\":\"https:\/\/seydasoyler.com.tr\/en\/#website\",\"url\":\"https:\/\/seydasoyler.com.tr\/en\/\",\"name\":\"\u015eeyda S\u00f6yler Ni\u015fanta\u015f\u0131\",\"description\":\"Just another WordPress site\",\"potentialAction\":[{\"@type\":\"SearchAction\",\"target\":{\"@type\":\"EntryPoint\",\"urlTemplate\":\"https:\/\/seydasoyler.com.tr\/en\/?s={search_term_string}\"},\"query-input\":\"required name=search_term_string\"}],\"inLanguage\":\"tr\"}]}<\/script>\n<!-- \/ Yoast SEO plugin. -->","yoast_head_json":{"title":"Cellulite Treatment and Regional Slimming - \u015eeyda S\u00f6yler Ni\u015fanta\u015f\u0131","description":"Sel\u00fclit g\u00f6r\u00fcn\u00fcm\u00fcn\u00fcn tedavisinde k\u0131sa s\u00fcrede etki etmesi ile bilinen ritmik titre\u015fim masaj\u0131 olduk\u00e7a etkili bir y\u00f6ntemdir.","robots":{"index":"index","follow":"follow","max-snippet":"max-snippet:-1","max-image-preview":"max-image-preview:large","max-video-preview":"max-video-preview:-1"},"canonical":"https:\/\/seydasoyler.com.tr\/en\/cellulite-treatment-and-regional-slimming\/","og_locale":"tr_TR","og_type":"article","og_title":"Cellulite Treatment and Regional Slimming - \u015eeyda S\u00f6yler Ni\u015fanta\u015f\u0131","og_description":"Sel\u00fclit g\u00f6r\u00fcn\u00fcm\u00fcn\u00fcn tedavisinde k\u0131sa s\u00fcrede etki etmesi ile bilinen ritmik titre\u015fim masaj\u0131 olduk\u00e7a etkili bir y\u00f6ntemdir.","og_url":"https:\/\/seydasoyler.com.tr\/en\/cellulite-treatment-and-regional-slimming\/","og_site_name":"\u015eeyda S\u00f6yler Ni\u015fanta\u015f\u0131","article_modified_time":"2022-08-26T21:49:00+00:00","og_image":[{"width":1600,"height":350,"url":"https:\/\/seydasoyler.com.tr\/en\/wp-content\/uploads\/2021\/10\/seyda-bg.jpg","type":"image\/jpeg"}],"twitter_card":"summary_large_image","twitter_misc":{"Tahmini okuma s\u00fcresi":"4 dakika"},"schema":{"@context":"https:\/\/schema.org","@graph":[{"@type":"WebPage","@id":"https:\/\/seydasoyler.com.tr\/en\/cellulite-treatment-and-regional-slimming\/","url":"https:\/\/seydasoyler.com.tr\/en\/cellulite-treatment-and-regional-slimming\/","name":"Cellulite Treatment and Regional Slimming - \u015eeyda S\u00f6yler Ni\u015fanta\u015f\u0131","isPartOf":{"@id":"https:\/\/seydasoyler.com.tr\/en\/#website"},"datePublished":"2021-10-11T16:56:02+00:00","dateModified":"2022-08-26T21:49:00+00:00","description":"Sel\u00fclit g\u00f6r\u00fcn\u00fcm\u00fcn\u00fcn tedavisinde k\u0131sa s\u00fcrede etki etmesi ile bilinen ritmik titre\u015fim masaj\u0131 olduk\u00e7a etkili bir y\u00f6ntemdir.","breadcrumb":{"@id":"https:\/\/seydasoyler.com.tr\/en\/cellulite-treatment-and-regional-slimming\/#breadcrumb"},"inLanguage":"tr","potentialAction":[{"@type":"ReadAction","target":["https:\/\/seydasoyler.com.tr\/en\/cellulite-treatment-and-regional-slimming\/"]}]},{"@type":"BreadcrumbList","@id":"https:\/\/seydasoyler.com.tr\/en\/cellulite-treatment-and-regional-slimming\/#breadcrumb","itemListElement":[{"@type":"ListItem","position":1,"name":"Home","item":"https:\/\/seydasoyler.com.tr\/en\/"},{"@type":"ListItem","position":2,"name":"Cellulite Treatment and Regional Slimming"}]},{"@type":"WebSite","@id":"https:\/\/seydasoyler.com.tr\/en\/#website","url":"https:\/\/seydasoyler.com.tr\/en\/","name":"\u015eeyda S\u00f6yler Ni\u015fanta\u015f\u0131","description":"Just another WordPress site","potentialAction":[{"@type":"SearchAction","target":{"@type":"EntryPoint","urlTemplate":"https:\/\/seydasoyler.com.tr\/en\/?s={search_term_string}"},"query-input":"required name=search_term_string"}],"inLanguage":"tr"}]}},"_links":{"self":[{"href":"https:\/\/seydasoyler.com.tr\/en\/wp-json\/wp\/v2\/pages\/49524"}],"collection":[{"href":"https:\/\/seydasoyler.com.tr\/en\/wp-json\/wp\/v2\/pages"}],"about":[{"href":"https:\/\/seydasoyler.com.tr\/en\/wp-json\/wp\/v2\/types\/page"}],"author":[{"embeddable":true,"href":"https:\/\/seydasoyler.com.tr\/en\/wp-json\/wp\/v2\/users\/1"}],"replies":[{"embeddable":true,"href":"https:\/\/seydasoyler.com.tr\/en\/wp-json\/wp\/v2\/comments?post=49524"}],"version-history":[{"count":15,"href":"https:\/\/seydasoyler.com.tr\/en\/wp-json\/wp\/v2\/pages\/49524\/revisions"}],"predecessor-version":[{"id":50135,"href":"https:\/\/seydasoyler.com.tr\/en\/wp-json\/wp\/v2\/pages\/49524\/revisions\/50135"}],"wp:featuredmedia":[{"embeddable":true,"href":"https:\/\/seydasoyler.com.tr\/en\/wp-json\/wp\/v2\/media\/49389"}],"wp:attachment":[{"href":"https:\/\/seydasoyler.com.tr\/en\/wp-json\/wp\/v2\/media?parent=49524"}],"curies":[{"name":"wp","href":"https:\/\/api.w.org\/{rel}","templated":true}]}}