{"id":49530,"date":"2021-10-11T18:25:18","date_gmt":"2021-10-11T18:25:18","guid":{"rendered":"https:\/\/seydasoyler.com.tr\/demo\/?page_id=49530"},"modified":"2022-08-27T09:03:10","modified_gmt":"2022-08-27T09:03:10","slug":"permanent-nail-polish","status":"publish","type":"page","link":"https:\/\/seydasoyler.com.tr\/en\/permanent-nail-polish\/","title":{"rendered":"Permanent Nail Polish"},"content":{"rendered":"\t\t<div data-elementor-type=\"wp-page\" data-elementor-id=\"49530\" class=\"elementor elementor-49530\">\n\t\t\t\t\t\t<section class=\"elementor-section elementor-top-section elementor-element elementor-element-ce43242 elementor-section-stretched elementor-section-boxed elementor-section-height-default elementor-section-height-default\" data-id=\"ce43242\" data-element_type=\"section\" data-settings=\"{&quot;background_background&quot;:&quot;classic&quot;,&quot;stretch_section&quot;:&quot;section-stretched&quot;}\">\n\t\t\t\t\t\t<div class=\"elementor-container elementor-column-gap-default\">\n\t\t\t\t\t<div class=\"elementor-column elementor-col-100 elementor-top-column elementor-element elementor-element-8278b12\" data-id=\"8278b12\" data-element_type=\"column\">\n\t\t\t<div class=\"elementor-widget-wrap elementor-element-populated\">\n\t\t\t\t\t\t<div class=\"elementor-element elementor-element-d969c8b ready-to-transform elementor-widget elementor-widget-heading\" data-id=\"d969c8b\" data-element_type=\"widget\" data-widget_type=\"heading.default\">\n\t\t\t\t<div class=\"elementor-widget-container\">\n\t\t\t<h3 class=\"elementor-heading-title elementor-size-default\">Permanent Nail Polish<\/h3>\t\t<\/div>\n\t\t\t\t<\/div>\n\t\t\t\t<div class=\"elementor-element elementor-element-757114f elementor-widget elementor-widget-text-editor\" data-id=\"757114f\" data-element_type=\"widget\" data-widget_type=\"text-editor.default\">\n\t\t\t\t<div class=\"elementor-widget-container\">\n\t\t\t\t\t\t\t<p><strong>What is Permanent Nail Polish?<\/strong><\/p><p>Permanent Nail Polish (Semilac), unlike known nail polishes, has a different formula and its application to the nail is also different. By means of a device that emits ultraviolet light used in the application, it dries thoroughly in a few seconds. The procedure takes about 15-20 minutes.<\/p><p><strong>What are the Advantages of Permanent Nail Polish?\u00a0 <\/strong><\/p><p>\u2013 It does not become dull or peel off.<\/p><p>\u2013 Provides permanence for 15 days without deformation.<\/p><p>\u2013 Prevents nail breakage.<\/p><p>\u2013 Allows the nail to grow twice as fast.<\/p><p>\u2013 It is applied without filing the top of the nail.<\/p><p>\u2013 It is not affected by water or any other liquid.<\/p><p>\u2013 Permanent Nail Polish (Semilac) does not fade, scratch or peel off.<\/p><p>&#8211; Strengthens the nail connective tissue.<\/p><p>\u2013 No trace of socks or shoes after pedicure.<\/p><p>&#8211; Its use is safe for pregnant women.<\/p><p>\u2013 Heals yellowing in 105 days.<\/p><p>&#8211; Fortifies the covalent bond of the nail.<\/p><p><strong>How is Permanent Nail Polish (Semilac) Removed from Nail?<\/strong><\/p><p>It cannot be removed with acetone or similar products. Like the specially manufactured machines used for drying the Permanent Nail Polish after the application, it also has a special remover for its removal. It is suggested to remove it at the center you had it applied.<\/p>\t\t\t\t\t\t<\/div>\n\t\t\t\t<\/div>\n\t\t\t\t<section class=\"elementor-section elementor-inner-section elementor-element elementor-element-1323f37 elementor-section-boxed elementor-section-height-default elementor-section-height-default\" data-id=\"1323f37\" data-element_type=\"section\">\n\t\t\t\t\t\t<div class=\"elementor-container elementor-column-gap-default\">\n\t\t\t\t\t<div class=\"elementor-column elementor-col-33 elementor-inner-column elementor-element elementor-element-aa89bbf\" data-id=\"aa89bbf\" data-element_type=\"column\">\n\t\t\t<div class=\"elementor-widget-wrap elementor-element-populated\">\n\t\t\t\t\t\t<div class=\"elementor-element elementor-element-fe6e342 image-move-top-bottom elementor-widget elementor-widget-image\" data-id=\"fe6e342\" data-element_type=\"widget\" data-widget_type=\"image.default\">\n\t\t\t\t<div class=\"elementor-widget-container\">\n\t\t\t\t\t\t\t\t\t\t\t\t\t<img src=\"https:\/\/seydasoyler.com.tr\/en\/wp-content\/uploads\/2021\/10\/shutterstock_2030127536-300x300.jpg\" title=\"Uv,Lamp,Gel,Polish,Manicure,Process.,Salon,Procedure.,The,Master\" alt=\"Uv,Lamp,Gel,Polish,Manicure,Process.,Salon,Procedure.,The,Master\" loading=\"lazy\" \/>\t\t\t\t\t\t\t\t\t\t\t\t\t<\/div>\n\t\t\t\t<\/div>\n\t\t\t\t\t<\/div>\n\t\t<\/div>\n\t\t\t\t<div class=\"elementor-column elementor-col-33 elementor-inner-column elementor-element elementor-element-5597cbd\" data-id=\"5597cbd\" data-element_type=\"column\">\n\t\t\t<div class=\"elementor-widget-wrap elementor-element-populated\">\n\t\t\t\t\t\t<div class=\"elementor-element elementor-element-a490c22 image-move-top-bottom elementor-widget elementor-widget-image\" data-id=\"a490c22\" data-element_type=\"widget\" data-widget_type=\"image.default\">\n\t\t\t\t<div class=\"elementor-widget-container\">\n\t\t\t\t\t\t\t\t\t\t\t\t\t<img src=\"https:\/\/seydasoyler.com.tr\/en\/wp-content\/uploads\/2021\/10\/shutterstock_1091052143-300x300.jpg\" title=\"Beautiful,Girl,With,Light,Make-up,And,Gentle,Manicure,In,Pink\" alt=\"Beautiful,Girl,With,Light,Make-up,And,Gentle,Manicure,In,Pink\" loading=\"lazy\" \/>\t\t\t\t\t\t\t\t\t\t\t\t\t<\/div>\n\t\t\t\t<\/div>\n\t\t\t\t\t<\/div>\n\t\t<\/div>\n\t\t\t\t<div class=\"elementor-column elementor-col-33 elementor-inner-column elementor-element elementor-element-7a606c1\" data-id=\"7a606c1\" data-element_type=\"column\">\n\t\t\t<div class=\"elementor-widget-wrap elementor-element-populated\">\n\t\t\t\t\t\t<div class=\"elementor-element elementor-element-2308a94 image-move-top-bottom elementor-widget elementor-widget-image\" data-id=\"2308a94\" data-element_type=\"widget\" data-widget_type=\"image.default\">\n\t\t\t\t<div class=\"elementor-widget-container\">\n\t\t\t\t\t\t\t\t\t\t\t\t\t<img src=\"https:\/\/seydasoyler.com.tr\/en\/wp-content\/uploads\/2021\/10\/shutterstock_618265361-300x300.jpg\" title=\"Beautiful,Girl,Showing,Red,Manicure,Nails,.,Makeup,And,Cosmetics\" alt=\"Beautiful,Girl,Showing,Red,Manicure,Nails,.,Makeup,And,Cosmetics\" loading=\"lazy\" \/>\t\t\t\t\t\t\t\t\t\t\t\t\t<\/div>\n\t\t\t\t<\/div>\n\t\t\t\t\t<\/div>\n\t\t<\/div>\n\t\t\t\t\t<\/div>\n\t\t<\/section>\n\t\t\t\t\t<\/div>\n\t\t<\/div>\n\t\t\t\t\t<\/div>\n\t\t<\/section>\n\t\t\t\t<section class=\"elementor-section elementor-top-section elementor-element elementor-element-5a5c81b elementor-section-stretched elementor-section-boxed elementor-section-height-default elementor-section-height-default\" data-id=\"5a5c81b\" data-element_type=\"section\" data-settings=\"{&quot;background_background&quot;:&quot;classic&quot;,&quot;stretch_section&quot;:&quot;section-stretched&quot;}\">\n\t\t\t\t\t\t<div class=\"elementor-container elementor-column-gap-default\">\n\t\t\t\t\t<div class=\"elementor-column elementor-col-33 elementor-top-column elementor-element elementor-element-b69c1b7\" data-id=\"b69c1b7\" data-element_type=\"column\">\n\t\t\t<div class=\"elementor-widget-wrap elementor-element-populated\">\n\t\t\t\t\t\t<div class=\"elementor-element elementor-element-274732b elementor-widget elementor-widget-heading\" data-id=\"274732b\" data-element_type=\"widget\" data-widget_type=\"heading.default\">\n\t\t\t\t<div class=\"elementor-widget-container\">\n\t\t\t<p class=\"elementor-heading-title elementor-size-default\">\u015eeyda S\u00f6yler Ni\u015fanta\u015f\u0131<\/p>\t\t<\/div>\n\t\t\t\t<\/div>\n\t\t\t\t<div class=\"elementor-element elementor-element-9135b20 ready-to-transform elementor-widget elementor-widget-heading\" data-id=\"9135b20\" data-element_type=\"widget\" data-widget_type=\"heading.default\">\n\t\t\t\t<div class=\"elementor-widget-container\">\n\t\t\t<h3 class=\"elementor-heading-title elementor-size-default\">Frequently Asked Questions<\/h3>\t\t<\/div>\n\t\t\t\t<\/div>\n\t\t\t\t<section class=\"elementor-section elementor-inner-section elementor-element elementor-element-e629fde move-icon-sidewise elementor-section-boxed elementor-section-height-default elementor-section-height-default\" data-id=\"e629fde\" data-element_type=\"section\">\n\t\t\t\t\t\t<div class=\"elementor-container elementor-column-gap-default\">\n\t\t\t\t\t<div class=\"elementor-column elementor-col-100 elementor-inner-column elementor-element elementor-element-b7da098\" data-id=\"b7da098\" data-element_type=\"column\">\n\t\t\t<div class=\"elementor-widget-wrap elementor-element-populated\">\n\t\t\t\t\t\t<div class=\"elementor-element elementor-element-a961f39 rt-hospital-detail elementor-vertical-align-top elementor-widget elementor-widget-image-box\" data-id=\"a961f39\" data-element_type=\"widget\" data-widget_type=\"image-box.default\">\n\t\t\t\t<div class=\"elementor-widget-container\">\n\t\t\t<div class=\"elementor-image-box-wrapper\"><div class=\"elementor-image-box-content\"><h6 class=\"elementor-image-box-title\">Who Should Have Permanent Nail Polish?<\/h6><p class=\"elementor-image-box-description\">Those who have to renew their deformed nail polish frequently and have limited time use Permanent Nail Polish.<\/p><\/div><\/div>\t\t<\/div>\n\t\t\t\t<\/div>\n\t\t\t\t\t<\/div>\n\t\t<\/div>\n\t\t\t\t\t<\/div>\n\t\t<\/section>\n\t\t\t\t<section class=\"elementor-section elementor-inner-section elementor-element elementor-element-e1c268a move-icon-sidewise elementor-section-boxed elementor-section-height-default elementor-section-height-default\" data-id=\"e1c268a\" data-element_type=\"section\">\n\t\t\t\t\t\t<div class=\"elementor-container elementor-column-gap-default\">\n\t\t\t\t\t<div class=\"elementor-column elementor-col-100 elementor-inner-column elementor-element elementor-element-6583621\" data-id=\"6583621\" data-element_type=\"column\">\n\t\t\t<div class=\"elementor-widget-wrap elementor-element-populated\">\n\t\t\t\t\t\t<div class=\"elementor-element elementor-element-a07e978 rt-hospital-detail elementor-vertical-align-top elementor-widget elementor-widget-image-box\" data-id=\"a07e978\" data-element_type=\"widget\" data-widget_type=\"image-box.default\">\n\t\t\t\t<div class=\"elementor-widget-container\">\n\t\t\t<div class=\"elementor-image-box-wrapper\"><div class=\"elementor-image-box-content\"><h6 class=\"elementor-image-box-title\">Is There Any Harm In Doing Cleaning With Permanent Nail Polish?<\/h6><p class=\"elementor-image-box-description\">There is no harm in doing cleaning with Permanent Nail Polish. No chemicals deteriorate the Permanent Nail Polish.<\/p><\/div><\/div>\t\t<\/div>\n\t\t\t\t<\/div>\n\t\t\t\t\t<\/div>\n\t\t<\/div>\n\t\t\t\t\t<\/div>\n\t\t<\/section>\n\t\t\t\t<section class=\"elementor-section elementor-inner-section elementor-element elementor-element-3128c8a move-icon-sidewise elementor-section-boxed elementor-section-height-default elementor-section-height-default\" data-id=\"3128c8a\" data-element_type=\"section\">\n\t\t\t\t\t\t<div class=\"elementor-container elementor-column-gap-default\">\n\t\t\t\t\t<div class=\"elementor-column elementor-col-100 elementor-inner-column elementor-element elementor-element-b2e24cc\" data-id=\"b2e24cc\" data-element_type=\"column\">\n\t\t\t<div class=\"elementor-widget-wrap elementor-element-populated\">\n\t\t\t\t\t\t<div class=\"elementor-element elementor-element-aee10c2 rt-hospital-detail elementor-vertical-align-top elementor-widget elementor-widget-image-box\" data-id=\"aee10c2\" data-element_type=\"widget\" data-widget_type=\"image-box.default\">\n\t\t\t\t<div class=\"elementor-widget-container\">\n\t\t\t<div class=\"elementor-image-box-wrapper\"><div class=\"elementor-image-box-content\"><h6 class=\"elementor-image-box-title\">Is Permanent Nail Polish Harmful?<\/h6><p class=\"elementor-image-box-description\">Permanent Nail Polish application is not harmful at all, on the contrary, it has a feature that protects the nail. This application is preferred by those whose nails are broken or brittle.<\/p><\/div><\/div>\t\t<\/div>\n\t\t\t\t<\/div>\n\t\t\t\t\t<\/div>\n\t\t<\/div>\n\t\t\t\t\t<\/div>\n\t\t<\/section>\n\t\t\t\t\t<\/div>\n\t\t<\/div>\n\t\t\t\t<div class=\"elementor-column elementor-col-33 elementor-top-column elementor-element elementor-element-6017586\" data-id=\"6017586\" data-element_type=\"column\">\n\t\t\t<div class=\"elementor-widget-wrap\">\n\t\t\t\t\t\t\t<\/div>\n\t\t<\/div>\n\t\t\t\t<div class=\"elementor-column elementor-col-33 elementor-top-column elementor-element elementor-element-b4e7baa\" data-id=\"b4e7baa\" data-element_type=\"column\">\n\t\t\t<div class=\"elementor-widget-wrap elementor-element-populated\">\n\t\t\t\t\t\t<div class=\"elementor-element elementor-element-b9f15dd elementor-widget-mobile__width-initial moving-image-left-right elementor-widget elementor-widget-image\" data-id=\"b9f15dd\" data-element_type=\"widget\" data-widget_type=\"image.default\">\n\t\t\t\t<div class=\"elementor-widget-container\">\n\t\t\t\t\t\t\t\t\t\t\t\t\t<img fetchpriority=\"high\" width=\"1200\" height=\"800\" src=\"https:\/\/seydasoyler.com.tr\/en\/wp-content\/uploads\/2021\/10\/shutterstock_127210874.jpg\" class=\"attachment-full size-full wp-image-49537\" alt=\"\" srcset=\"https:\/\/seydasoyler.com.tr\/en\/wp-content\/uploads\/2021\/10\/shutterstock_127210874.jpg 1200w, https:\/\/seydasoyler.com.tr\/en\/wp-content\/uploads\/2021\/10\/shutterstock_127210874-360x240.jpg 360w, https:\/\/seydasoyler.com.tr\/en\/wp-content\/uploads\/2021\/10\/shutterstock_127210874-1024x683.jpg 1024w, https:\/\/seydasoyler.com.tr\/en\/wp-content\/uploads\/2021\/10\/shutterstock_127210874-768x512.jpg 768w, https:\/\/seydasoyler.com.tr\/en\/wp-content\/uploads\/2021\/10\/shutterstock_127210874-600x400.jpg 600w\" sizes=\"(max-width: 1200px) 100vw, 1200px\" \/>\t\t\t\t\t\t\t\t\t\t\t\t\t<\/div>\n\t\t\t\t<\/div>\n\t\t\t\t\t<\/div>\n\t\t<\/div>\n\t\t\t\t\t<\/div>\n\t\t<\/section>\n\t\t\t\t<\/div>\n\t\t","protected":false},"excerpt":{"rendered":"<p>Permanent Nail Polish What is Permanent Nail Polish? Permanent Nail Polish (Semilac), unlike known nail polishes, has a different formula and its application to the nail is also different. By means of a device that emits ultraviolet light used in the application, it dries thoroughly in a few seconds. The procedure takes about 15-20 minutes. [&hellip;]<\/p>\n","protected":false},"author":1,"featured_media":49389,"parent":0,"menu_order":0,"comment_status":"closed","ping_status":"closed","template":"","meta":{"_joinchat":[]},"acf":[],"yoast_head":"<!-- This site is optimized with the Yoast SEO plugin v20.6 - https:\/\/yoast.com\/wordpress\/plugins\/seo\/ -->\n<title>Permanent Nail Polish - \u015eeyda S\u00f6yler Ni\u015fanta\u015f\u0131<\/title>\n<meta name=\"description\" content=\"Kal\u0131c\u0131 oje (Semilac), bilinen ojelerin aksine farkl\u0131 bir form\u00fcle sahiptir ve t\u0131rna\u011fa uygulanmas\u0131 da farkl\u0131d\u0131r.\" \/>\n<meta name=\"robots\" content=\"index, follow, max-snippet:-1, max-image-preview:large, max-video-preview:-1\" \/>\n<link rel=\"canonical\" href=\"https:\/\/seydasoyler.com.tr\/en\/permanent-nail-polish\/\" \/>\n<meta property=\"og:locale\" content=\"tr_TR\" \/>\n<meta property=\"og:type\" content=\"article\" \/>\n<meta property=\"og:title\" content=\"Permanent Nail Polish - \u015eeyda S\u00f6yler Ni\u015fanta\u015f\u0131\" \/>\n<meta property=\"og:description\" content=\"Kal\u0131c\u0131 oje (Semilac), bilinen ojelerin aksine farkl\u0131 bir form\u00fcle sahiptir ve t\u0131rna\u011fa uygulanmas\u0131 da farkl\u0131d\u0131r.\" \/>\n<meta property=\"og:url\" content=\"https:\/\/seydasoyler.com.tr\/en\/permanent-nail-polish\/\" \/>\n<meta property=\"og:site_name\" content=\"\u015eeyda S\u00f6yler Ni\u015fanta\u015f\u0131\" \/>\n<meta property=\"article:modified_time\" content=\"2022-08-27T09:03:10+00:00\" \/>\n<meta property=\"og:image\" content=\"https:\/\/seydasoyler.com.tr\/en\/wp-content\/uploads\/2021\/10\/seyda-bg.jpg\" \/>\n\t<meta property=\"og:image:width\" content=\"1600\" \/>\n\t<meta property=\"og:image:height\" content=\"350\" \/>\n\t<meta property=\"og:image:type\" content=\"image\/jpeg\" \/>\n<meta name=\"twitter:card\" content=\"summary_large_image\" \/>\n<meta name=\"twitter:label1\" content=\"Tahmini okuma s\u00fcresi\" \/>\n\t<meta name=\"twitter:data1\" content=\"3 dakika\" \/>\n<script type=\"application\/ld+json\" class=\"yoast-schema-graph\">{\"@context\":\"https:\/\/schema.org\",\"@graph\":[{\"@type\":\"WebPage\",\"@id\":\"https:\/\/seydasoyler.com.tr\/en\/permanent-nail-polish\/\",\"url\":\"https:\/\/seydasoyler.com.tr\/en\/permanent-nail-polish\/\",\"name\":\"Permanent Nail Polish - \u015eeyda S\u00f6yler Ni\u015fanta\u015f\u0131\",\"isPartOf\":{\"@id\":\"https:\/\/seydasoyler.com.tr\/en\/#website\"},\"datePublished\":\"2021-10-11T18:25:18+00:00\",\"dateModified\":\"2022-08-27T09:03:10+00:00\",\"description\":\"Kal\u0131c\u0131 oje (Semilac), bilinen ojelerin aksine farkl\u0131 bir form\u00fcle sahiptir ve t\u0131rna\u011fa uygulanmas\u0131 da farkl\u0131d\u0131r.\",\"breadcrumb\":{\"@id\":\"https:\/\/seydasoyler.com.tr\/en\/permanent-nail-polish\/#breadcrumb\"},\"inLanguage\":\"tr\",\"potentialAction\":[{\"@type\":\"ReadAction\",\"target\":[\"https:\/\/seydasoyler.com.tr\/en\/permanent-nail-polish\/\"]}]},{\"@type\":\"BreadcrumbList\",\"@id\":\"https:\/\/seydasoyler.com.tr\/en\/permanent-nail-polish\/#breadcrumb\",\"itemListElement\":[{\"@type\":\"ListItem\",\"position\":1,\"name\":\"Home\",\"item\":\"https:\/\/seydasoyler.com.tr\/en\/\"},{\"@type\":\"ListItem\",\"position\":2,\"name\":\"Permanent Nail Polish\"}]},{\"@type\":\"WebSite\",\"@id\":\"https:\/\/seydasoyler.com.tr\/en\/#website\",\"url\":\"https:\/\/seydasoyler.com.tr\/en\/\",\"name\":\"\u015eeyda S\u00f6yler Ni\u015fanta\u015f\u0131\",\"description\":\"Just another WordPress site\",\"potentialAction\":[{\"@type\":\"SearchAction\",\"target\":{\"@type\":\"EntryPoint\",\"urlTemplate\":\"https:\/\/seydasoyler.com.tr\/en\/?s={search_term_string}\"},\"query-input\":\"required name=search_term_string\"}],\"inLanguage\":\"tr\"}]}<\/script>\n<!-- \/ Yoast SEO plugin. -->","yoast_head_json":{"title":"Permanent Nail Polish - \u015eeyda S\u00f6yler Ni\u015fanta\u015f\u0131","description":"Kal\u0131c\u0131 oje (Semilac), bilinen ojelerin aksine farkl\u0131 bir form\u00fcle sahiptir ve t\u0131rna\u011fa uygulanmas\u0131 da farkl\u0131d\u0131r.","robots":{"index":"index","follow":"follow","max-snippet":"max-snippet:-1","max-image-preview":"max-image-preview:large","max-video-preview":"max-video-preview:-1"},"canonical":"https:\/\/seydasoyler.com.tr\/en\/permanent-nail-polish\/","og_locale":"tr_TR","og_type":"article","og_title":"Permanent Nail Polish - \u015eeyda S\u00f6yler Ni\u015fanta\u015f\u0131","og_description":"Kal\u0131c\u0131 oje (Semilac), bilinen ojelerin aksine farkl\u0131 bir form\u00fcle sahiptir ve t\u0131rna\u011fa uygulanmas\u0131 da farkl\u0131d\u0131r.","og_url":"https:\/\/seydasoyler.com.tr\/en\/permanent-nail-polish\/","og_site_name":"\u015eeyda S\u00f6yler Ni\u015fanta\u015f\u0131","article_modified_time":"2022-08-27T09:03:10+00:00","og_image":[{"width":1600,"height":350,"url":"https:\/\/seydasoyler.com.tr\/en\/wp-content\/uploads\/2021\/10\/seyda-bg.jpg","type":"image\/jpeg"}],"twitter_card":"summary_large_image","twitter_misc":{"Tahmini okuma s\u00fcresi":"3 dakika"},"schema":{"@context":"https:\/\/schema.org","@graph":[{"@type":"WebPage","@id":"https:\/\/seydasoyler.com.tr\/en\/permanent-nail-polish\/","url":"https:\/\/seydasoyler.com.tr\/en\/permanent-nail-polish\/","name":"Permanent Nail Polish - \u015eeyda S\u00f6yler Ni\u015fanta\u015f\u0131","isPartOf":{"@id":"https:\/\/seydasoyler.com.tr\/en\/#website"},"datePublished":"2021-10-11T18:25:18+00:00","dateModified":"2022-08-27T09:03:10+00:00","description":"Kal\u0131c\u0131 oje (Semilac), bilinen ojelerin aksine farkl\u0131 bir form\u00fcle sahiptir ve t\u0131rna\u011fa uygulanmas\u0131 da farkl\u0131d\u0131r.","breadcrumb":{"@id":"https:\/\/seydasoyler.com.tr\/en\/permanent-nail-polish\/#breadcrumb"},"inLanguage":"tr","potentialAction":[{"@type":"ReadAction","target":["https:\/\/seydasoyler.com.tr\/en\/permanent-nail-polish\/"]}]},{"@type":"BreadcrumbList","@id":"https:\/\/seydasoyler.com.tr\/en\/permanent-nail-polish\/#breadcrumb","itemListElement":[{"@type":"ListItem","position":1,"name":"Home","item":"https:\/\/seydasoyler.com.tr\/en\/"},{"@type":"ListItem","position":2,"name":"Permanent Nail Polish"}]},{"@type":"WebSite","@id":"https:\/\/seydasoyler.com.tr\/en\/#website","url":"https:\/\/seydasoyler.com.tr\/en\/","name":"\u015eeyda S\u00f6yler Ni\u015fanta\u015f\u0131","description":"Just another WordPress site","potentialAction":[{"@type":"SearchAction","target":{"@type":"EntryPoint","urlTemplate":"https:\/\/seydasoyler.com.tr\/en\/?s={search_term_string}"},"query-input":"required name=search_term_string"}],"inLanguage":"tr"}]}},"_links":{"self":[{"href":"https:\/\/seydasoyler.com.tr\/en\/wp-json\/wp\/v2\/pages\/49530"}],"collection":[{"href":"https:\/\/seydasoyler.com.tr\/en\/wp-json\/wp\/v2\/pages"}],"about":[{"href":"https:\/\/seydasoyler.com.tr\/en\/wp-json\/wp\/v2\/types\/page"}],"author":[{"embeddable":true,"href":"https:\/\/seydasoyler.com.tr\/en\/wp-json\/wp\/v2\/users\/1"}],"replies":[{"embeddable":true,"href":"https:\/\/seydasoyler.com.tr\/en\/wp-json\/wp\/v2\/comments?post=49530"}],"version-history":[{"count":15,"href":"https:\/\/seydasoyler.com.tr\/en\/wp-json\/wp\/v2\/pages\/49530\/revisions"}],"predecessor-version":[{"id":50140,"href":"https:\/\/seydasoyler.com.tr\/en\/wp-json\/wp\/v2\/pages\/49530\/revisions\/50140"}],"wp:featuredmedia":[{"embeddable":true,"href":"https:\/\/seydasoyler.com.tr\/en\/wp-json\/wp\/v2\/media\/49389"}],"wp:attachment":[{"href":"https:\/\/seydasoyler.com.tr\/en\/wp-json\/wp\/v2\/media?parent=49530"}],"curies":[{"name":"wp","href":"https:\/\/api.w.org\/{rel}","templated":true}]}}