{"id":49553,"date":"2021-10-11T21:42:52","date_gmt":"2021-10-11T21:42:52","guid":{"rendered":"https:\/\/seydasoyler.com.tr\/demo\/?page_id=49553"},"modified":"2022-08-27T09:10:49","modified_gmt":"2022-08-27T09:10:49","slug":"nail-biting-disorder","status":"publish","type":"page","link":"https:\/\/seydasoyler.com.tr\/en\/nail-biting-disorder\/","title":{"rendered":"Nail Biting Disorder"},"content":{"rendered":"\t\t<div data-elementor-type=\"wp-page\" data-elementor-id=\"49553\" class=\"elementor elementor-49553\">\n\t\t\t\t\t\t<section class=\"elementor-section elementor-top-section elementor-element elementor-element-ce43242 elementor-section-stretched elementor-section-boxed elementor-section-height-default elementor-section-height-default\" data-id=\"ce43242\" data-element_type=\"section\" data-settings=\"{&quot;background_background&quot;:&quot;classic&quot;,&quot;stretch_section&quot;:&quot;section-stretched&quot;}\">\n\t\t\t\t\t\t<div class=\"elementor-container elementor-column-gap-default\">\n\t\t\t\t\t<div class=\"elementor-column elementor-col-100 elementor-top-column elementor-element elementor-element-8278b12\" data-id=\"8278b12\" data-element_type=\"column\">\n\t\t\t<div class=\"elementor-widget-wrap elementor-element-populated\">\n\t\t\t\t\t\t<div class=\"elementor-element elementor-element-d969c8b ready-to-transform elementor-widget elementor-widget-heading\" data-id=\"d969c8b\" data-element_type=\"widget\" data-widget_type=\"heading.default\">\n\t\t\t\t<div class=\"elementor-widget-container\">\n\t\t\t<h3 class=\"elementor-heading-title elementor-size-default\">Nail Biting Disorder<\/h3>\t\t<\/div>\n\t\t\t\t<\/div>\n\t\t\t\t<div class=\"elementor-element elementor-element-757114f elementor-widget elementor-widget-text-editor\" data-id=\"757114f\" data-element_type=\"widget\" data-widget_type=\"text-editor.default\">\n\t\t\t\t<div class=\"elementor-widget-container\">\n\t\t\t\t\t\t\t<p><strong>What is Nail Biting Disorder?<\/strong><\/p><p>Nail Biting Disorder, a kind of a behavioral and impulse control disorder, is treated psychologically and physiologically. If not resolved in early ages especially in children, this could lead to deformities in the nail bed and fingers.<\/p><p><strong>How Can Gel and Acrylic System Help in Solving Nail Biting Disorder?<\/strong><\/p><p>\u00a0Prosthetic Nail Application is made with gel and acrylic system in the treatment of nail biting in our center. By means of this method we apply, after a treatment process of 3 months, the person quits this habit and gains healthy nails.<\/p>\t\t\t\t\t\t<\/div>\n\t\t\t\t<\/div>\n\t\t\t\t<section class=\"elementor-section elementor-inner-section elementor-element elementor-element-1323f37 elementor-section-boxed elementor-section-height-default elementor-section-height-default\" data-id=\"1323f37\" data-element_type=\"section\">\n\t\t\t\t\t\t<div class=\"elementor-container elementor-column-gap-default\">\n\t\t\t\t\t<div class=\"elementor-column elementor-col-33 elementor-inner-column elementor-element elementor-element-aa89bbf\" data-id=\"aa89bbf\" data-element_type=\"column\">\n\t\t\t<div class=\"elementor-widget-wrap elementor-element-populated\">\n\t\t\t\t\t\t<div class=\"elementor-element elementor-element-fe6e342 image-move-top-bottom elementor-widget elementor-widget-image\" data-id=\"fe6e342\" data-element_type=\"widget\" data-widget_type=\"image.default\">\n\t\t\t\t<div class=\"elementor-widget-container\">\n\t\t\t\t\t\t\t\t\t\t\t\t\t<img fetchpriority=\"high\" width=\"1200\" height=\"767\" src=\"https:\/\/seydasoyler.com.tr\/en\/wp-content\/uploads\/2021\/10\/shutterstock_57313087.jpg\" class=\"attachment-full size-full wp-image-49559\" alt=\"\" srcset=\"https:\/\/seydasoyler.com.tr\/en\/wp-content\/uploads\/2021\/10\/shutterstock_57313087.jpg 1200w, https:\/\/seydasoyler.com.tr\/en\/wp-content\/uploads\/2021\/10\/shutterstock_57313087-375x240.jpg 375w, https:\/\/seydasoyler.com.tr\/en\/wp-content\/uploads\/2021\/10\/shutterstock_57313087-1024x655.jpg 1024w, https:\/\/seydasoyler.com.tr\/en\/wp-content\/uploads\/2021\/10\/shutterstock_57313087-768x491.jpg 768w, https:\/\/seydasoyler.com.tr\/en\/wp-content\/uploads\/2021\/10\/shutterstock_57313087-600x384.jpg 600w\" sizes=\"(max-width: 1200px) 100vw, 1200px\" \/>\t\t\t\t\t\t\t\t\t\t\t\t\t<\/div>\n\t\t\t\t<\/div>\n\t\t\t\t\t<\/div>\n\t\t<\/div>\n\t\t\t\t<div class=\"elementor-column elementor-col-33 elementor-inner-column elementor-element elementor-element-5597cbd\" data-id=\"5597cbd\" data-element_type=\"column\">\n\t\t\t<div class=\"elementor-widget-wrap elementor-element-populated\">\n\t\t\t\t\t\t<div class=\"elementor-element elementor-element-a490c22 image-move-top-bottom elementor-widget elementor-widget-image\" data-id=\"a490c22\" data-element_type=\"widget\" data-widget_type=\"image.default\">\n\t\t\t\t<div class=\"elementor-widget-container\">\n\t\t\t\t\t\t\t\t\t\t\t\t\t<img width=\"1200\" height=\"800\" src=\"https:\/\/seydasoyler.com.tr\/en\/wp-content\/uploads\/2021\/10\/shutterstock_138840830.jpg\" class=\"attachment-full size-full wp-image-49546\" alt=\"\" srcset=\"https:\/\/seydasoyler.com.tr\/en\/wp-content\/uploads\/2021\/10\/shutterstock_138840830.jpg 1200w, https:\/\/seydasoyler.com.tr\/en\/wp-content\/uploads\/2021\/10\/shutterstock_138840830-360x240.jpg 360w, https:\/\/seydasoyler.com.tr\/en\/wp-content\/uploads\/2021\/10\/shutterstock_138840830-1024x683.jpg 1024w, https:\/\/seydasoyler.com.tr\/en\/wp-content\/uploads\/2021\/10\/shutterstock_138840830-768x512.jpg 768w, https:\/\/seydasoyler.com.tr\/en\/wp-content\/uploads\/2021\/10\/shutterstock_138840830-600x400.jpg 600w\" sizes=\"(max-width: 1200px) 100vw, 1200px\" \/>\t\t\t\t\t\t\t\t\t\t\t\t\t<\/div>\n\t\t\t\t<\/div>\n\t\t\t\t\t<\/div>\n\t\t<\/div>\n\t\t\t\t<div class=\"elementor-column elementor-col-33 elementor-inner-column elementor-element elementor-element-7a606c1\" data-id=\"7a606c1\" data-element_type=\"column\">\n\t\t\t<div class=\"elementor-widget-wrap elementor-element-populated\">\n\t\t\t\t\t\t<div class=\"elementor-element elementor-element-2308a94 image-move-top-bottom elementor-widget elementor-widget-image\" data-id=\"2308a94\" data-element_type=\"widget\" data-widget_type=\"image.default\">\n\t\t\t\t<div class=\"elementor-widget-container\">\n\t\t\t\t\t\t\t\t\t\t\t\t\t<img width=\"1200\" height=\"800\" src=\"https:\/\/seydasoyler.com.tr\/en\/wp-content\/uploads\/2021\/10\/shutterstock_279096935.jpg\" class=\"attachment-full size-full wp-image-49549\" alt=\"\" srcset=\"https:\/\/seydasoyler.com.tr\/en\/wp-content\/uploads\/2021\/10\/shutterstock_279096935.jpg 1200w, https:\/\/seydasoyler.com.tr\/en\/wp-content\/uploads\/2021\/10\/shutterstock_279096935-360x240.jpg 360w, https:\/\/seydasoyler.com.tr\/en\/wp-content\/uploads\/2021\/10\/shutterstock_279096935-1024x683.jpg 1024w, https:\/\/seydasoyler.com.tr\/en\/wp-content\/uploads\/2021\/10\/shutterstock_279096935-768x512.jpg 768w, https:\/\/seydasoyler.com.tr\/en\/wp-content\/uploads\/2021\/10\/shutterstock_279096935-600x400.jpg 600w\" sizes=\"(max-width: 1200px) 100vw, 1200px\" \/>\t\t\t\t\t\t\t\t\t\t\t\t\t<\/div>\n\t\t\t\t<\/div>\n\t\t\t\t\t<\/div>\n\t\t<\/div>\n\t\t\t\t\t<\/div>\n\t\t<\/section>\n\t\t\t\t\t<\/div>\n\t\t<\/div>\n\t\t\t\t\t<\/div>\n\t\t<\/section>\n\t\t\t\t<section class=\"elementor-section elementor-top-section elementor-element elementor-element-5a5c81b elementor-section-stretched elementor-section-boxed elementor-section-height-default elementor-section-height-default\" data-id=\"5a5c81b\" data-element_type=\"section\" data-settings=\"{&quot;background_background&quot;:&quot;classic&quot;,&quot;stretch_section&quot;:&quot;section-stretched&quot;}\">\n\t\t\t\t\t\t<div class=\"elementor-container elementor-column-gap-default\">\n\t\t\t\t\t<div class=\"elementor-column elementor-col-33 elementor-top-column elementor-element elementor-element-b69c1b7\" data-id=\"b69c1b7\" data-element_type=\"column\">\n\t\t\t<div class=\"elementor-widget-wrap elementor-element-populated\">\n\t\t\t\t\t\t<div class=\"elementor-element elementor-element-274732b elementor-widget elementor-widget-heading\" data-id=\"274732b\" data-element_type=\"widget\" data-widget_type=\"heading.default\">\n\t\t\t\t<div class=\"elementor-widget-container\">\n\t\t\t<p class=\"elementor-heading-title elementor-size-default\">\u015eeyda S\u00f6yler Ni\u015fanta\u015f\u0131<\/p>\t\t<\/div>\n\t\t\t\t<\/div>\n\t\t\t\t<div class=\"elementor-element elementor-element-9135b20 ready-to-transform elementor-widget elementor-widget-heading\" data-id=\"9135b20\" data-element_type=\"widget\" data-widget_type=\"heading.default\">\n\t\t\t\t<div class=\"elementor-widget-container\">\n\t\t\t<h3 class=\"elementor-heading-title elementor-size-default\">Frequently Asked Questions<\/h3>\t\t<\/div>\n\t\t\t\t<\/div>\n\t\t\t\t<section class=\"elementor-section elementor-inner-section elementor-element elementor-element-e629fde move-icon-sidewise elementor-section-boxed elementor-section-height-default elementor-section-height-default\" data-id=\"e629fde\" data-element_type=\"section\">\n\t\t\t\t\t\t<div class=\"elementor-container elementor-column-gap-default\">\n\t\t\t\t\t<div class=\"elementor-column elementor-col-100 elementor-inner-column elementor-element elementor-element-b7da098\" data-id=\"b7da098\" data-element_type=\"column\">\n\t\t\t<div class=\"elementor-widget-wrap elementor-element-populated\">\n\t\t\t\t\t\t<div class=\"elementor-element elementor-element-a961f39 rt-hospital-detail elementor-vertical-align-top elementor-widget elementor-widget-image-box\" data-id=\"a961f39\" data-element_type=\"widget\" data-widget_type=\"image-box.default\">\n\t\t\t\t<div class=\"elementor-widget-container\">\n\t\t\t<div class=\"elementor-image-box-wrapper\"><div class=\"elementor-image-box-content\"><h6 class=\"elementor-image-box-title\">Who Are Recommended For This Application?<\/h6><p class=\"elementor-image-box-description\">It is the most natural appearing application among other nails. If you are looking for a natural look, gel nails are more suitable. It has a softer structure compared to acrylic nails, and if highly rigid nails are a disturbance for you, then gel nails are your ideal preference.<\/p><\/div><\/div>\t\t<\/div>\n\t\t\t\t<\/div>\n\t\t\t\t\t<\/div>\n\t\t<\/div>\n\t\t\t\t\t<\/div>\n\t\t<\/section>\n\t\t\t\t<section class=\"elementor-section elementor-inner-section elementor-element elementor-element-e1c268a move-icon-sidewise elementor-section-boxed elementor-section-height-default elementor-section-height-default\" data-id=\"e1c268a\" data-element_type=\"section\">\n\t\t\t\t\t\t<div class=\"elementor-container elementor-column-gap-default\">\n\t\t\t\t\t<div class=\"elementor-column elementor-col-100 elementor-inner-column elementor-element elementor-element-6583621\" data-id=\"6583621\" data-element_type=\"column\">\n\t\t\t<div class=\"elementor-widget-wrap elementor-element-populated\">\n\t\t\t\t\t\t<div class=\"elementor-element elementor-element-a07e978 rt-hospital-detail elementor-vertical-align-top elementor-widget elementor-widget-image-box\" data-id=\"a07e978\" data-element_type=\"widget\" data-widget_type=\"image-box.default\">\n\t\t\t\t<div class=\"elementor-widget-container\">\n\t\t\t<div class=\"elementor-image-box-wrapper\"><div class=\"elementor-image-box-content\"><h6 class=\"elementor-image-box-title\">Is the Application Painful?<\/h6><p class=\"elementor-image-box-description\">Only wounds on the nail skin due to intensive nail biting may cause pain during the application. Gel prosthetic nail application is a method that can be done comfortably.<\/p><\/div><\/div>\t\t<\/div>\n\t\t\t\t<\/div>\n\t\t\t\t\t<\/div>\n\t\t<\/div>\n\t\t\t\t\t<\/div>\n\t\t<\/section>\n\t\t\t\t<section class=\"elementor-section elementor-inner-section elementor-element elementor-element-3128c8a move-icon-sidewise elementor-section-boxed elementor-section-height-default elementor-section-height-default\" data-id=\"3128c8a\" data-element_type=\"section\">\n\t\t\t\t\t\t<div class=\"elementor-container elementor-column-gap-default\">\n\t\t\t\t\t<div class=\"elementor-column elementor-col-100 elementor-inner-column elementor-element elementor-element-b2e24cc\" data-id=\"b2e24cc\" data-element_type=\"column\">\n\t\t\t<div class=\"elementor-widget-wrap elementor-element-populated\">\n\t\t\t\t\t\t<div class=\"elementor-element elementor-element-aee10c2 rt-hospital-detail elementor-vertical-align-top elementor-widget elementor-widget-image-box\" data-id=\"aee10c2\" data-element_type=\"widget\" data-widget_type=\"image-box.default\">\n\t\t\t\t<div class=\"elementor-widget-container\">\n\t\t\t<div class=\"elementor-image-box-wrapper\"><div class=\"elementor-image-box-content\"><h6 class=\"elementor-image-box-title\">How Long does the Application Take?<\/h6><p class=\"elementor-image-box-description\">The application takes one hour.<\/p><\/div><\/div>\t\t<\/div>\n\t\t\t\t<\/div>\n\t\t\t\t\t<\/div>\n\t\t<\/div>\n\t\t\t\t\t<\/div>\n\t\t<\/section>\n\t\t\t\t\t<\/div>\n\t\t<\/div>\n\t\t\t\t<div class=\"elementor-column elementor-col-33 elementor-top-column elementor-element elementor-element-6017586\" data-id=\"6017586\" data-element_type=\"column\">\n\t\t\t<div class=\"elementor-widget-wrap\">\n\t\t\t\t\t\t\t<\/div>\n\t\t<\/div>\n\t\t\t\t<div class=\"elementor-column elementor-col-33 elementor-top-column elementor-element elementor-element-b4e7baa\" data-id=\"b4e7baa\" data-element_type=\"column\">\n\t\t\t<div class=\"elementor-widget-wrap elementor-element-populated\">\n\t\t\t\t\t\t<div class=\"elementor-element elementor-element-b9f15dd elementor-widget-mobile__width-initial moving-image-left-right elementor-widget elementor-widget-image\" data-id=\"b9f15dd\" data-element_type=\"widget\" data-widget_type=\"image.default\">\n\t\t\t\t<div class=\"elementor-widget-container\">\n\t\t\t\t\t\t\t\t\t\t\t\t\t<img loading=\"lazy\" width=\"1200\" height=\"800\" src=\"https:\/\/seydasoyler.com.tr\/en\/wp-content\/uploads\/2021\/10\/shutterstock_666258805.jpg\" class=\"attachment-full size-full wp-image-49558\" alt=\"\" srcset=\"https:\/\/seydasoyler.com.tr\/en\/wp-content\/uploads\/2021\/10\/shutterstock_666258805.jpg 1200w, https:\/\/seydasoyler.com.tr\/en\/wp-content\/uploads\/2021\/10\/shutterstock_666258805-360x240.jpg 360w, https:\/\/seydasoyler.com.tr\/en\/wp-content\/uploads\/2021\/10\/shutterstock_666258805-1024x683.jpg 1024w, https:\/\/seydasoyler.com.tr\/en\/wp-content\/uploads\/2021\/10\/shutterstock_666258805-768x512.jpg 768w, https:\/\/seydasoyler.com.tr\/en\/wp-content\/uploads\/2021\/10\/shutterstock_666258805-600x400.jpg 600w\" sizes=\"(max-width: 1200px) 100vw, 1200px\" \/>\t\t\t\t\t\t\t\t\t\t\t\t\t<\/div>\n\t\t\t\t<\/div>\n\t\t\t\t\t<\/div>\n\t\t<\/div>\n\t\t\t\t\t<\/div>\n\t\t<\/section>\n\t\t\t\t<\/div>\n\t\t","protected":false},"excerpt":{"rendered":"<p>Nail Biting Disorder What is Nail Biting Disorder? Nail Biting Disorder, a kind of a behavioral and impulse control disorder, is treated psychologically and physiologically. If not resolved in early ages especially in children, this could lead to deformities in the nail bed and fingers. How Can Gel and Acrylic System Help in Solving Nail [&hellip;]<\/p>\n","protected":false},"author":1,"featured_media":49389,"parent":0,"menu_order":0,"comment_status":"closed","ping_status":"closed","template":"elementor_header_footer","meta":{"_joinchat":[]},"acf":[],"yoast_head":"<!-- This site is optimized with the Yoast SEO plugin v20.6 - https:\/\/yoast.com\/wordpress\/plugins\/seo\/ -->\n<title>Nail Biting Disorder - \u015eeyda S\u00f6yler Ni\u015fanta\u015f\u0131<\/title>\n<meta name=\"description\" content=\"Bir t\u00fcr davran\u0131\u015f ve d\u00fcrt\u00fc kontrol bozuklu\u011fu olan T\u0131rnak Yeme Hastal\u0131\u011f\u0131 psikolojik ve fizyolojik olarak tedavi edilir.\" \/>\n<meta name=\"robots\" content=\"index, follow, max-snippet:-1, max-image-preview:large, max-video-preview:-1\" \/>\n<link rel=\"canonical\" href=\"https:\/\/seydasoyler.com.tr\/en\/nail-biting-disorder\/\" \/>\n<meta property=\"og:locale\" content=\"tr_TR\" \/>\n<meta property=\"og:type\" content=\"article\" \/>\n<meta property=\"og:title\" content=\"Nail Biting Disorder - \u015eeyda S\u00f6yler Ni\u015fanta\u015f\u0131\" \/>\n<meta property=\"og:description\" content=\"Bir t\u00fcr davran\u0131\u015f ve d\u00fcrt\u00fc kontrol bozuklu\u011fu olan T\u0131rnak Yeme Hastal\u0131\u011f\u0131 psikolojik ve fizyolojik olarak tedavi edilir.\" \/>\n<meta property=\"og:url\" content=\"https:\/\/seydasoyler.com.tr\/en\/nail-biting-disorder\/\" \/>\n<meta property=\"og:site_name\" content=\"\u015eeyda S\u00f6yler Ni\u015fanta\u015f\u0131\" \/>\n<meta property=\"article:modified_time\" content=\"2022-08-27T09:10:49+00:00\" \/>\n<meta property=\"og:image\" content=\"https:\/\/seydasoyler.com.tr\/en\/wp-content\/uploads\/2021\/10\/seyda-bg.jpg\" \/>\n\t<meta property=\"og:image:width\" content=\"1600\" \/>\n\t<meta property=\"og:image:height\" content=\"350\" \/>\n\t<meta property=\"og:image:type\" content=\"image\/jpeg\" \/>\n<meta name=\"twitter:card\" content=\"summary_large_image\" \/>\n<meta name=\"twitter:label1\" content=\"Tahmini okuma s\u00fcresi\" \/>\n\t<meta name=\"twitter:data1\" content=\"3 dakika\" \/>\n<script type=\"application\/ld+json\" class=\"yoast-schema-graph\">{\"@context\":\"https:\/\/schema.org\",\"@graph\":[{\"@type\":\"WebPage\",\"@id\":\"https:\/\/seydasoyler.com.tr\/en\/nail-biting-disorder\/\",\"url\":\"https:\/\/seydasoyler.com.tr\/en\/nail-biting-disorder\/\",\"name\":\"Nail Biting Disorder - \u015eeyda S\u00f6yler Ni\u015fanta\u015f\u0131\",\"isPartOf\":{\"@id\":\"https:\/\/seydasoyler.com.tr\/en\/#website\"},\"datePublished\":\"2021-10-11T21:42:52+00:00\",\"dateModified\":\"2022-08-27T09:10:49+00:00\",\"description\":\"Bir t\u00fcr davran\u0131\u015f ve d\u00fcrt\u00fc kontrol bozuklu\u011fu olan T\u0131rnak Yeme Hastal\u0131\u011f\u0131 psikolojik ve fizyolojik olarak tedavi edilir.\",\"breadcrumb\":{\"@id\":\"https:\/\/seydasoyler.com.tr\/en\/nail-biting-disorder\/#breadcrumb\"},\"inLanguage\":\"tr\",\"potentialAction\":[{\"@type\":\"ReadAction\",\"target\":[\"https:\/\/seydasoyler.com.tr\/en\/nail-biting-disorder\/\"]}]},{\"@type\":\"BreadcrumbList\",\"@id\":\"https:\/\/seydasoyler.com.tr\/en\/nail-biting-disorder\/#breadcrumb\",\"itemListElement\":[{\"@type\":\"ListItem\",\"position\":1,\"name\":\"Home\",\"item\":\"https:\/\/seydasoyler.com.tr\/en\/\"},{\"@type\":\"ListItem\",\"position\":2,\"name\":\"Nail Biting Disorder\"}]},{\"@type\":\"WebSite\",\"@id\":\"https:\/\/seydasoyler.com.tr\/en\/#website\",\"url\":\"https:\/\/seydasoyler.com.tr\/en\/\",\"name\":\"\u015eeyda S\u00f6yler Ni\u015fanta\u015f\u0131\",\"description\":\"Just another WordPress site\",\"potentialAction\":[{\"@type\":\"SearchAction\",\"target\":{\"@type\":\"EntryPoint\",\"urlTemplate\":\"https:\/\/seydasoyler.com.tr\/en\/?s={search_term_string}\"},\"query-input\":\"required name=search_term_string\"}],\"inLanguage\":\"tr\"}]}<\/script>\n<!-- \/ Yoast SEO plugin. -->","yoast_head_json":{"title":"Nail Biting Disorder - \u015eeyda S\u00f6yler Ni\u015fanta\u015f\u0131","description":"Bir t\u00fcr davran\u0131\u015f ve d\u00fcrt\u00fc kontrol bozuklu\u011fu olan T\u0131rnak Yeme Hastal\u0131\u011f\u0131 psikolojik ve fizyolojik olarak tedavi edilir.","robots":{"index":"index","follow":"follow","max-snippet":"max-snippet:-1","max-image-preview":"max-image-preview:large","max-video-preview":"max-video-preview:-1"},"canonical":"https:\/\/seydasoyler.com.tr\/en\/nail-biting-disorder\/","og_locale":"tr_TR","og_type":"article","og_title":"Nail Biting Disorder - \u015eeyda S\u00f6yler Ni\u015fanta\u015f\u0131","og_description":"Bir t\u00fcr davran\u0131\u015f ve d\u00fcrt\u00fc kontrol bozuklu\u011fu olan T\u0131rnak Yeme Hastal\u0131\u011f\u0131 psikolojik ve fizyolojik olarak tedavi edilir.","og_url":"https:\/\/seydasoyler.com.tr\/en\/nail-biting-disorder\/","og_site_name":"\u015eeyda S\u00f6yler Ni\u015fanta\u015f\u0131","article_modified_time":"2022-08-27T09:10:49+00:00","og_image":[{"width":1600,"height":350,"url":"https:\/\/seydasoyler.com.tr\/en\/wp-content\/uploads\/2021\/10\/seyda-bg.jpg","type":"image\/jpeg"}],"twitter_card":"summary_large_image","twitter_misc":{"Tahmini okuma s\u00fcresi":"3 dakika"},"schema":{"@context":"https:\/\/schema.org","@graph":[{"@type":"WebPage","@id":"https:\/\/seydasoyler.com.tr\/en\/nail-biting-disorder\/","url":"https:\/\/seydasoyler.com.tr\/en\/nail-biting-disorder\/","name":"Nail Biting Disorder - \u015eeyda S\u00f6yler Ni\u015fanta\u015f\u0131","isPartOf":{"@id":"https:\/\/seydasoyler.com.tr\/en\/#website"},"datePublished":"2021-10-11T21:42:52+00:00","dateModified":"2022-08-27T09:10:49+00:00","description":"Bir t\u00fcr davran\u0131\u015f ve d\u00fcrt\u00fc kontrol bozuklu\u011fu olan T\u0131rnak Yeme Hastal\u0131\u011f\u0131 psikolojik ve fizyolojik olarak tedavi edilir.","breadcrumb":{"@id":"https:\/\/seydasoyler.com.tr\/en\/nail-biting-disorder\/#breadcrumb"},"inLanguage":"tr","potentialAction":[{"@type":"ReadAction","target":["https:\/\/seydasoyler.com.tr\/en\/nail-biting-disorder\/"]}]},{"@type":"BreadcrumbList","@id":"https:\/\/seydasoyler.com.tr\/en\/nail-biting-disorder\/#breadcrumb","itemListElement":[{"@type":"ListItem","position":1,"name":"Home","item":"https:\/\/seydasoyler.com.tr\/en\/"},{"@type":"ListItem","position":2,"name":"Nail Biting Disorder"}]},{"@type":"WebSite","@id":"https:\/\/seydasoyler.com.tr\/en\/#website","url":"https:\/\/seydasoyler.com.tr\/en\/","name":"\u015eeyda S\u00f6yler Ni\u015fanta\u015f\u0131","description":"Just another WordPress site","potentialAction":[{"@type":"SearchAction","target":{"@type":"EntryPoint","urlTemplate":"https:\/\/seydasoyler.com.tr\/en\/?s={search_term_string}"},"query-input":"required name=search_term_string"}],"inLanguage":"tr"}]}},"_links":{"self":[{"href":"https:\/\/seydasoyler.com.tr\/en\/wp-json\/wp\/v2\/pages\/49553"}],"collection":[{"href":"https:\/\/seydasoyler.com.tr\/en\/wp-json\/wp\/v2\/pages"}],"about":[{"href":"https:\/\/seydasoyler.com.tr\/en\/wp-json\/wp\/v2\/types\/page"}],"author":[{"embeddable":true,"href":"https:\/\/seydasoyler.com.tr\/en\/wp-json\/wp\/v2\/users\/1"}],"replies":[{"embeddable":true,"href":"https:\/\/seydasoyler.com.tr\/en\/wp-json\/wp\/v2\/comments?post=49553"}],"version-history":[{"count":10,"href":"https:\/\/seydasoyler.com.tr\/en\/wp-json\/wp\/v2\/pages\/49553\/revisions"}],"predecessor-version":[{"id":50148,"href":"https:\/\/seydasoyler.com.tr\/en\/wp-json\/wp\/v2\/pages\/49553\/revisions\/50148"}],"wp:featuredmedia":[{"embeddable":true,"href":"https:\/\/seydasoyler.com.tr\/en\/wp-json\/wp\/v2\/media\/49389"}],"wp:attachment":[{"href":"https:\/\/seydasoyler.com.tr\/en\/wp-json\/wp\/v2\/media?parent=49553"}],"curies":[{"name":"wp","href":"https:\/\/api.w.org\/{rel}","templated":true}]}}