{"id":49582,"date":"2021-10-11T22:02:05","date_gmt":"2021-10-11T22:02:05","guid":{"rendered":"https:\/\/seydasoyler.com.tr\/demo\/?page_id=49582"},"modified":"2022-08-26T21:37:31","modified_gmt":"2022-08-26T21:37:31","slug":"dipliner","status":"publish","type":"page","link":"https:\/\/seydasoyler.com.tr\/en\/dipliner\/","title":{"rendered":"Dipliner"},"content":{"rendered":"\t\t<div data-elementor-type=\"wp-page\" data-elementor-id=\"49582\" class=\"elementor elementor-49582\">\n\t\t\t\t\t\t<section class=\"elementor-section elementor-top-section elementor-element elementor-element-ce43242 elementor-section-stretched elementor-section-boxed elementor-section-height-default elementor-section-height-default\" data-id=\"ce43242\" data-element_type=\"section\" data-settings=\"{&quot;background_background&quot;:&quot;classic&quot;,&quot;stretch_section&quot;:&quot;section-stretched&quot;}\">\n\t\t\t\t\t\t<div class=\"elementor-container elementor-column-gap-default\">\n\t\t\t\t\t<div class=\"elementor-column elementor-col-100 elementor-top-column elementor-element elementor-element-8278b12\" data-id=\"8278b12\" data-element_type=\"column\">\n\t\t\t<div class=\"elementor-widget-wrap elementor-element-populated\">\n\t\t\t\t\t\t<div class=\"elementor-element elementor-element-d969c8b ready-to-transform elementor-widget elementor-widget-heading\" data-id=\"d969c8b\" data-element_type=\"widget\" data-widget_type=\"heading.default\">\n\t\t\t\t<div class=\"elementor-widget-container\">\n\t\t\t<h3 class=\"elementor-heading-title elementor-size-default\">Dipliner<\/h3>\t\t<\/div>\n\t\t\t\t<\/div>\n\t\t\t\t<div class=\"elementor-element elementor-element-757114f elementor-widget elementor-widget-text-editor\" data-id=\"757114f\" data-element_type=\"widget\" data-widget_type=\"text-editor.default\">\n\t\t\t\t<div class=\"elementor-widget-container\">\n\t\t\t\t\t\t\t<p><strong>What is Permanent Dipliner Application?<\/strong><\/p><p>Permanent Dipliner Application is among the applications called permanent make-up, cosmetic tattoo or micropigmentation. Considering that the dyes used are made of 100% herbal pigments, the risk of allergic reaction in permanent make-up applications is minimized.<\/p><p>When compared with the Eyeliner application, Dipliner is a procedure preferred by those who want to have an appearance of a cleaner and more natural make-up. Permanent Dipliner is applied by drawing a thin contour to the area where the eyelid ends and the eyelashes begin.<\/p><p><strong>How Long is the Duration of the Application?<\/strong><\/p><p>Depending on the skin type and the products used, the duration of the application is between 2 &#8211; 3 years with proper care and usage.<\/p><p><strong>How Long is the Application Time?<\/strong><\/p><p>Permanent Dipliner Application takes minimum of 30\u00a0 minutes and a maximum of 1 hour time.<\/p><p><strong>Attention Should Be Paid To <\/strong><\/p><p>Your health should always be the priority. Even though there is a low risk of allergy during the application, the material should be tested on your skin before the procedure.<\/p><p>In consideration that the eye region is sensitive, swelling or bruises may occur after the procedure. Items used such as the anesthetic cream should be chosen carefully for you to experience this process in the healthiest way.<\/p><p>It is important for you to be in contact with your permanent make-up expert for you to achieve the desired outcome from this application. Explaining the features you want in detail and listening to the guidance of the experts will ensure you to get the best outcome. By having a contour drawn before the procedure, you may choose the application way that provides the effect you desire.<\/p>\t\t\t\t\t\t<\/div>\n\t\t\t\t<\/div>\n\t\t\t\t<section class=\"elementor-section elementor-inner-section elementor-element elementor-element-1323f37 elementor-section-boxed elementor-section-height-default elementor-section-height-default\" data-id=\"1323f37\" data-element_type=\"section\">\n\t\t\t\t\t\t<div class=\"elementor-container elementor-column-gap-default\">\n\t\t\t\t\t<div class=\"elementor-column elementor-col-33 elementor-inner-column elementor-element elementor-element-aa89bbf\" data-id=\"aa89bbf\" data-element_type=\"column\">\n\t\t\t<div class=\"elementor-widget-wrap elementor-element-populated\">\n\t\t\t\t\t\t<div class=\"elementor-element elementor-element-fe6e342 image-move-top-bottom elementor-widget elementor-widget-image\" data-id=\"fe6e342\" data-element_type=\"widget\" data-widget_type=\"image.default\">\n\t\t\t\t<div class=\"elementor-widget-container\">\n\t\t\t\t\t\t\t\t\t\t\t\t\t<img src=\"https:\/\/seydasoyler.com.tr\/en\/wp-content\/uploads\/2021\/10\/Eyeliner1-300x300.jpg\" title=\"Beauty,Woman,Face.,Beautiful,Girl,Receiving,Permanent,Make-up,From,Beautician.\" alt=\"Beauty,Woman,Face.,Beautiful,Girl,Receiving,Permanent,Make-up,From,Beautician.\" loading=\"lazy\" \/>\t\t\t\t\t\t\t\t\t\t\t\t\t<\/div>\n\t\t\t\t<\/div>\n\t\t\t\t\t<\/div>\n\t\t<\/div>\n\t\t\t\t<div class=\"elementor-column elementor-col-33 elementor-inner-column elementor-element elementor-element-5597cbd\" data-id=\"5597cbd\" data-element_type=\"column\">\n\t\t\t<div class=\"elementor-widget-wrap elementor-element-populated\">\n\t\t\t\t\t\t<div class=\"elementor-element elementor-element-a490c22 image-move-top-bottom elementor-widget elementor-widget-image\" data-id=\"a490c22\" data-element_type=\"widget\" data-widget_type=\"image.default\">\n\t\t\t\t<div class=\"elementor-widget-container\">\n\t\t\t\t\t\t\t\t\t\t\t\t\t<img src=\"https:\/\/seydasoyler.com.tr\/en\/wp-content\/uploads\/2021\/10\/Eyeliner-300x300.jpg\" title=\"Permanent,Eye,Makeup,Close,Up,Shot.,Cosmetologist,Applying,Tattooing,Of\" alt=\"Permanent,Eye,Makeup,Close,Up,Shot.,Cosmetologist,Applying,Tattooing,Of\" loading=\"lazy\" \/>\t\t\t\t\t\t\t\t\t\t\t\t\t<\/div>\n\t\t\t\t<\/div>\n\t\t\t\t\t<\/div>\n\t\t<\/div>\n\t\t\t\t<div class=\"elementor-column elementor-col-33 elementor-inner-column elementor-element elementor-element-7a606c1\" data-id=\"7a606c1\" data-element_type=\"column\">\n\t\t\t<div class=\"elementor-widget-wrap elementor-element-populated\">\n\t\t\t\t\t\t<div class=\"elementor-element elementor-element-2308a94 image-move-top-bottom elementor-widget elementor-widget-image\" data-id=\"2308a94\" data-element_type=\"widget\" data-widget_type=\"image.default\">\n\t\t\t\t<div class=\"elementor-widget-container\">\n\t\t\t\t\t\t\t\t\t\t\t\t\t<img src=\"https:\/\/seydasoyler.com.tr\/en\/wp-content\/uploads\/2021\/10\/shutterstock_732912073-300x300.jpg\" title=\"Microblading,Eyebrows,Workflow,In,A,Beauty,Salon\" alt=\"Microblading,Eyebrows,Workflow,In,A,Beauty,Salon\" loading=\"lazy\" \/>\t\t\t\t\t\t\t\t\t\t\t\t\t<\/div>\n\t\t\t\t<\/div>\n\t\t\t\t\t<\/div>\n\t\t<\/div>\n\t\t\t\t\t<\/div>\n\t\t<\/section>\n\t\t\t\t\t<\/div>\n\t\t<\/div>\n\t\t\t\t\t<\/div>\n\t\t<\/section>\n\t\t\t\t<section class=\"elementor-section elementor-top-section elementor-element elementor-element-5a5c81b elementor-section-stretched elementor-section-boxed elementor-section-height-default elementor-section-height-default\" data-id=\"5a5c81b\" data-element_type=\"section\" data-settings=\"{&quot;background_background&quot;:&quot;classic&quot;,&quot;stretch_section&quot;:&quot;section-stretched&quot;}\">\n\t\t\t\t\t\t<div class=\"elementor-container elementor-column-gap-default\">\n\t\t\t\t\t<div class=\"elementor-column elementor-col-33 elementor-top-column elementor-element elementor-element-b69c1b7\" data-id=\"b69c1b7\" data-element_type=\"column\">\n\t\t\t<div class=\"elementor-widget-wrap elementor-element-populated\">\n\t\t\t\t\t\t<div class=\"elementor-element elementor-element-274732b elementor-widget elementor-widget-heading\" data-id=\"274732b\" data-element_type=\"widget\" data-widget_type=\"heading.default\">\n\t\t\t\t<div class=\"elementor-widget-container\">\n\t\t\t<p class=\"elementor-heading-title elementor-size-default\">\u015eeyda S\u00f6yler Ni\u015fanta\u015f\u0131<\/p>\t\t<\/div>\n\t\t\t\t<\/div>\n\t\t\t\t<div class=\"elementor-element elementor-element-9135b20 ready-to-transform elementor-widget elementor-widget-heading\" data-id=\"9135b20\" data-element_type=\"widget\" data-widget_type=\"heading.default\">\n\t\t\t\t<div class=\"elementor-widget-container\">\n\t\t\t<h3 class=\"elementor-heading-title elementor-size-default\">Frequently Asked Questions<\/h3>\t\t<\/div>\n\t\t\t\t<\/div>\n\t\t\t\t<section class=\"elementor-section elementor-inner-section elementor-element elementor-element-e629fde move-icon-sidewise elementor-section-boxed elementor-section-height-default elementor-section-height-default\" data-id=\"e629fde\" data-element_type=\"section\">\n\t\t\t\t\t\t<div class=\"elementor-container elementor-column-gap-default\">\n\t\t\t\t\t<div class=\"elementor-column elementor-col-100 elementor-inner-column elementor-element elementor-element-b7da098\" data-id=\"b7da098\" data-element_type=\"column\">\n\t\t\t<div class=\"elementor-widget-wrap elementor-element-populated\">\n\t\t\t\t\t\t<div class=\"elementor-element elementor-element-a961f39 rt-hospital-detail elementor-vertical-align-top elementor-widget elementor-widget-image-box\" data-id=\"a961f39\" data-element_type=\"widget\" data-widget_type=\"image-box.default\">\n\t\t\t\t<div class=\"elementor-widget-container\">\n\t\t\t<div class=\"elementor-image-box-wrapper\"><div class=\"elementor-image-box-content\"><h6 class=\"elementor-image-box-title\">How Long is the Duration of the Application?<\/h6><p class=\"elementor-image-box-description\">Depending on the skin type and the products used, the duration of the application is between 2 - 3 years with proper care and usage.<\/p><\/div><\/div>\t\t<\/div>\n\t\t\t\t<\/div>\n\t\t\t\t\t<\/div>\n\t\t<\/div>\n\t\t\t\t\t<\/div>\n\t\t<\/section>\n\t\t\t\t<section class=\"elementor-section elementor-inner-section elementor-element elementor-element-e1c268a move-icon-sidewise elementor-section-boxed elementor-section-height-default elementor-section-height-default\" data-id=\"e1c268a\" data-element_type=\"section\">\n\t\t\t\t\t\t<div class=\"elementor-container elementor-column-gap-default\">\n\t\t\t\t\t<div class=\"elementor-column elementor-col-100 elementor-inner-column elementor-element elementor-element-6583621\" data-id=\"6583621\" data-element_type=\"column\">\n\t\t\t<div class=\"elementor-widget-wrap elementor-element-populated\">\n\t\t\t\t\t\t<div class=\"elementor-element elementor-element-a07e978 rt-hospital-detail elementor-vertical-align-top elementor-widget elementor-widget-image-box\" data-id=\"a07e978\" data-element_type=\"widget\" data-widget_type=\"image-box.default\">\n\t\t\t\t<div class=\"elementor-widget-container\">\n\t\t\t<div class=\"elementor-image-box-wrapper\"><div class=\"elementor-image-box-content\"><h6 class=\"elementor-image-box-title\">How Long Does the Application Take?<\/h6><p class=\"elementor-image-box-description\">Permanent Dipliner Application takes minimum of 30  minutes and a maximum of 1 hour time.<\/p><\/div><\/div>\t\t<\/div>\n\t\t\t\t<\/div>\n\t\t\t\t\t<\/div>\n\t\t<\/div>\n\t\t\t\t\t<\/div>\n\t\t<\/section>\n\t\t\t\t<section class=\"elementor-section elementor-inner-section elementor-element elementor-element-3128c8a move-icon-sidewise elementor-section-boxed elementor-section-height-default elementor-section-height-default\" data-id=\"3128c8a\" data-element_type=\"section\">\n\t\t\t\t\t\t<div class=\"elementor-container elementor-column-gap-default\">\n\t\t\t\t\t<div class=\"elementor-column elementor-col-100 elementor-inner-column elementor-element elementor-element-b2e24cc\" data-id=\"b2e24cc\" data-element_type=\"column\">\n\t\t\t<div class=\"elementor-widget-wrap elementor-element-populated\">\n\t\t\t\t\t\t<div class=\"elementor-element elementor-element-aee10c2 rt-hospital-detail elementor-vertical-align-top elementor-widget elementor-widget-image-box\" data-id=\"aee10c2\" data-element_type=\"widget\" data-widget_type=\"image-box.default\">\n\t\t\t\t<div class=\"elementor-widget-container\">\n\t\t\t<div class=\"elementor-image-box-wrapper\"><div class=\"elementor-image-box-content\"><h6 class=\"elementor-image-box-title\">What is the Duration of the Application?<\/h6><p class=\"elementor-image-box-description\">Permanent Dipliner is durable on average 1.5 - 3 years, but this term may vary from person to person. After an average of 30 days after the application, you should have a check-up appointment and make the necessary corrections with retouching.<\/p><\/div><\/div>\t\t<\/div>\n\t\t\t\t<\/div>\n\t\t\t\t\t<\/div>\n\t\t<\/div>\n\t\t\t\t\t<\/div>\n\t\t<\/section>\n\t\t\t\t\t<\/div>\n\t\t<\/div>\n\t\t\t\t<div class=\"elementor-column elementor-col-33 elementor-top-column elementor-element elementor-element-6017586\" data-id=\"6017586\" data-element_type=\"column\">\n\t\t\t<div class=\"elementor-widget-wrap\">\n\t\t\t\t\t\t\t<\/div>\n\t\t<\/div>\n\t\t\t\t<div class=\"elementor-column elementor-col-33 elementor-top-column elementor-element elementor-element-b4e7baa\" data-id=\"b4e7baa\" data-element_type=\"column\">\n\t\t\t<div class=\"elementor-widget-wrap elementor-element-populated\">\n\t\t\t\t\t\t<div class=\"elementor-element elementor-element-b9f15dd elementor-widget-mobile__width-initial moving-image-left-right elementor-widget elementor-widget-image\" data-id=\"b9f15dd\" data-element_type=\"widget\" data-widget_type=\"image.default\">\n\t\t\t\t<div class=\"elementor-widget-container\">\n\t\t\t\t\t\t\t\t\t\t\t\t\t<img fetchpriority=\"high\" width=\"1200\" height=\"800\" src=\"https:\/\/seydasoyler.com.tr\/en\/wp-content\/uploads\/2021\/10\/Eyeliner3.jpg\" class=\"attachment-full size-full wp-image-49621\" alt=\"\" srcset=\"https:\/\/seydasoyler.com.tr\/en\/wp-content\/uploads\/2021\/10\/Eyeliner3.jpg 1200w, https:\/\/seydasoyler.com.tr\/en\/wp-content\/uploads\/2021\/10\/Eyeliner3-360x240.jpg 360w, https:\/\/seydasoyler.com.tr\/en\/wp-content\/uploads\/2021\/10\/Eyeliner3-1024x683.jpg 1024w, https:\/\/seydasoyler.com.tr\/en\/wp-content\/uploads\/2021\/10\/Eyeliner3-768x512.jpg 768w, https:\/\/seydasoyler.com.tr\/en\/wp-content\/uploads\/2021\/10\/Eyeliner3-600x400.jpg 600w\" sizes=\"(max-width: 1200px) 100vw, 1200px\" \/>\t\t\t\t\t\t\t\t\t\t\t\t\t<\/div>\n\t\t\t\t<\/div>\n\t\t\t\t\t<\/div>\n\t\t<\/div>\n\t\t\t\t\t<\/div>\n\t\t<\/section>\n\t\t\t\t<\/div>\n\t\t","protected":false},"excerpt":{"rendered":"<p>Dipliner What is Permanent Dipliner Application? Permanent Dipliner Application is among the applications called permanent make-up, cosmetic tattoo or micropigmentation. Considering that the dyes used are made of 100% herbal pigments, the risk of allergic reaction in permanent make-up applications is minimized. When compared with the Eyeliner application, Dipliner is a procedure preferred by those [&hellip;]<\/p>\n","protected":false},"author":1,"featured_media":49389,"parent":0,"menu_order":0,"comment_status":"closed","ping_status":"closed","template":"elementor_header_footer","meta":{"_joinchat":[]},"acf":[],"yoast_head":"<!-- This site is optimized with the Yoast SEO plugin v20.6 - https:\/\/yoast.com\/wordpress\/plugins\/seo\/ -->\n<title>Dipliner - \u015eeyda S\u00f6yler Ni\u015fanta\u015f\u0131<\/title>\n<meta name=\"description\" content=\"Kal\u0131c\u0131 dipliner uygulamas\u0131 kal\u0131c\u0131 makyaj, kozmetik d\u00f6vme veya mikropigmentasyon olarak adland\u0131r\u0131lan uygulamalar\u0131n aras\u0131nda yer al\u0131r.\" \/>\n<meta name=\"robots\" content=\"index, follow, max-snippet:-1, max-image-preview:large, max-video-preview:-1\" \/>\n<link rel=\"canonical\" href=\"https:\/\/seydasoyler.com.tr\/en\/dipliner\/\" \/>\n<meta property=\"og:locale\" content=\"tr_TR\" \/>\n<meta property=\"og:type\" content=\"article\" \/>\n<meta property=\"og:title\" content=\"Dipliner - \u015eeyda S\u00f6yler Ni\u015fanta\u015f\u0131\" \/>\n<meta property=\"og:description\" content=\"Kal\u0131c\u0131 dipliner uygulamas\u0131 kal\u0131c\u0131 makyaj, kozmetik d\u00f6vme veya mikropigmentasyon olarak adland\u0131r\u0131lan uygulamalar\u0131n aras\u0131nda yer al\u0131r.\" \/>\n<meta property=\"og:url\" content=\"https:\/\/seydasoyler.com.tr\/en\/dipliner\/\" \/>\n<meta property=\"og:site_name\" content=\"\u015eeyda S\u00f6yler Ni\u015fanta\u015f\u0131\" \/>\n<meta property=\"article:modified_time\" content=\"2022-08-26T21:37:31+00:00\" \/>\n<meta property=\"og:image\" content=\"https:\/\/seydasoyler.com.tr\/en\/wp-content\/uploads\/2021\/10\/seyda-bg.jpg\" \/>\n\t<meta property=\"og:image:width\" content=\"1600\" \/>\n\t<meta property=\"og:image:height\" content=\"350\" \/>\n\t<meta property=\"og:image:type\" content=\"image\/jpeg\" \/>\n<meta name=\"twitter:card\" content=\"summary_large_image\" \/>\n<meta name=\"twitter:label1\" content=\"Tahmini okuma s\u00fcresi\" \/>\n\t<meta name=\"twitter:data1\" content=\"4 dakika\" \/>\n<script type=\"application\/ld+json\" class=\"yoast-schema-graph\">{\"@context\":\"https:\/\/schema.org\",\"@graph\":[{\"@type\":\"WebPage\",\"@id\":\"https:\/\/seydasoyler.com.tr\/en\/dipliner\/\",\"url\":\"https:\/\/seydasoyler.com.tr\/en\/dipliner\/\",\"name\":\"Dipliner - \u015eeyda S\u00f6yler Ni\u015fanta\u015f\u0131\",\"isPartOf\":{\"@id\":\"https:\/\/seydasoyler.com.tr\/en\/#website\"},\"datePublished\":\"2021-10-11T22:02:05+00:00\",\"dateModified\":\"2022-08-26T21:37:31+00:00\",\"description\":\"Kal\u0131c\u0131 dipliner uygulamas\u0131 kal\u0131c\u0131 makyaj, kozmetik d\u00f6vme veya mikropigmentasyon olarak adland\u0131r\u0131lan uygulamalar\u0131n aras\u0131nda yer al\u0131r.\",\"breadcrumb\":{\"@id\":\"https:\/\/seydasoyler.com.tr\/en\/dipliner\/#breadcrumb\"},\"inLanguage\":\"tr\",\"potentialAction\":[{\"@type\":\"ReadAction\",\"target\":[\"https:\/\/seydasoyler.com.tr\/en\/dipliner\/\"]}]},{\"@type\":\"BreadcrumbList\",\"@id\":\"https:\/\/seydasoyler.com.tr\/en\/dipliner\/#breadcrumb\",\"itemListElement\":[{\"@type\":\"ListItem\",\"position\":1,\"name\":\"Home\",\"item\":\"https:\/\/seydasoyler.com.tr\/en\/\"},{\"@type\":\"ListItem\",\"position\":2,\"name\":\"Dipliner\"}]},{\"@type\":\"WebSite\",\"@id\":\"https:\/\/seydasoyler.com.tr\/en\/#website\",\"url\":\"https:\/\/seydasoyler.com.tr\/en\/\",\"name\":\"\u015eeyda S\u00f6yler Ni\u015fanta\u015f\u0131\",\"description\":\"Just another WordPress site\",\"potentialAction\":[{\"@type\":\"SearchAction\",\"target\":{\"@type\":\"EntryPoint\",\"urlTemplate\":\"https:\/\/seydasoyler.com.tr\/en\/?s={search_term_string}\"},\"query-input\":\"required name=search_term_string\"}],\"inLanguage\":\"tr\"}]}<\/script>\n<!-- \/ Yoast SEO plugin. -->","yoast_head_json":{"title":"Dipliner - \u015eeyda S\u00f6yler Ni\u015fanta\u015f\u0131","description":"Kal\u0131c\u0131 dipliner uygulamas\u0131 kal\u0131c\u0131 makyaj, kozmetik d\u00f6vme veya mikropigmentasyon olarak adland\u0131r\u0131lan uygulamalar\u0131n aras\u0131nda yer al\u0131r.","robots":{"index":"index","follow":"follow","max-snippet":"max-snippet:-1","max-image-preview":"max-image-preview:large","max-video-preview":"max-video-preview:-1"},"canonical":"https:\/\/seydasoyler.com.tr\/en\/dipliner\/","og_locale":"tr_TR","og_type":"article","og_title":"Dipliner - \u015eeyda S\u00f6yler Ni\u015fanta\u015f\u0131","og_description":"Kal\u0131c\u0131 dipliner uygulamas\u0131 kal\u0131c\u0131 makyaj, kozmetik d\u00f6vme veya mikropigmentasyon olarak adland\u0131r\u0131lan uygulamalar\u0131n aras\u0131nda yer al\u0131r.","og_url":"https:\/\/seydasoyler.com.tr\/en\/dipliner\/","og_site_name":"\u015eeyda S\u00f6yler Ni\u015fanta\u015f\u0131","article_modified_time":"2022-08-26T21:37:31+00:00","og_image":[{"width":1600,"height":350,"url":"https:\/\/seydasoyler.com.tr\/en\/wp-content\/uploads\/2021\/10\/seyda-bg.jpg","type":"image\/jpeg"}],"twitter_card":"summary_large_image","twitter_misc":{"Tahmini okuma s\u00fcresi":"4 dakika"},"schema":{"@context":"https:\/\/schema.org","@graph":[{"@type":"WebPage","@id":"https:\/\/seydasoyler.com.tr\/en\/dipliner\/","url":"https:\/\/seydasoyler.com.tr\/en\/dipliner\/","name":"Dipliner - \u015eeyda S\u00f6yler Ni\u015fanta\u015f\u0131","isPartOf":{"@id":"https:\/\/seydasoyler.com.tr\/en\/#website"},"datePublished":"2021-10-11T22:02:05+00:00","dateModified":"2022-08-26T21:37:31+00:00","description":"Kal\u0131c\u0131 dipliner uygulamas\u0131 kal\u0131c\u0131 makyaj, kozmetik d\u00f6vme veya mikropigmentasyon olarak adland\u0131r\u0131lan uygulamalar\u0131n aras\u0131nda yer al\u0131r.","breadcrumb":{"@id":"https:\/\/seydasoyler.com.tr\/en\/dipliner\/#breadcrumb"},"inLanguage":"tr","potentialAction":[{"@type":"ReadAction","target":["https:\/\/seydasoyler.com.tr\/en\/dipliner\/"]}]},{"@type":"BreadcrumbList","@id":"https:\/\/seydasoyler.com.tr\/en\/dipliner\/#breadcrumb","itemListElement":[{"@type":"ListItem","position":1,"name":"Home","item":"https:\/\/seydasoyler.com.tr\/en\/"},{"@type":"ListItem","position":2,"name":"Dipliner"}]},{"@type":"WebSite","@id":"https:\/\/seydasoyler.com.tr\/en\/#website","url":"https:\/\/seydasoyler.com.tr\/en\/","name":"\u015eeyda S\u00f6yler Ni\u015fanta\u015f\u0131","description":"Just another WordPress site","potentialAction":[{"@type":"SearchAction","target":{"@type":"EntryPoint","urlTemplate":"https:\/\/seydasoyler.com.tr\/en\/?s={search_term_string}"},"query-input":"required name=search_term_string"}],"inLanguage":"tr"}]}},"_links":{"self":[{"href":"https:\/\/seydasoyler.com.tr\/en\/wp-json\/wp\/v2\/pages\/49582"}],"collection":[{"href":"https:\/\/seydasoyler.com.tr\/en\/wp-json\/wp\/v2\/pages"}],"about":[{"href":"https:\/\/seydasoyler.com.tr\/en\/wp-json\/wp\/v2\/types\/page"}],"author":[{"embeddable":true,"href":"https:\/\/seydasoyler.com.tr\/en\/wp-json\/wp\/v2\/users\/1"}],"replies":[{"embeddable":true,"href":"https:\/\/seydasoyler.com.tr\/en\/wp-json\/wp\/v2\/comments?post=49582"}],"version-history":[{"count":14,"href":"https:\/\/seydasoyler.com.tr\/en\/wp-json\/wp\/v2\/pages\/49582\/revisions"}],"predecessor-version":[{"id":50121,"href":"https:\/\/seydasoyler.com.tr\/en\/wp-json\/wp\/v2\/pages\/49582\/revisions\/50121"}],"wp:featuredmedia":[{"embeddable":true,"href":"https:\/\/seydasoyler.com.tr\/en\/wp-json\/wp\/v2\/media\/49389"}],"wp:attachment":[{"href":"https:\/\/seydasoyler.com.tr\/en\/wp-json\/wp\/v2\/media?parent=49582"}],"curies":[{"name":"wp","href":"https:\/\/api.w.org\/{rel}","templated":true}]}}