{"id":50011,"date":"2022-07-08T20:49:27","date_gmt":"2022-07-08T20:49:27","guid":{"rendered":"https:\/\/seydasoyler.com.tr\/?page_id=50011"},"modified":"2022-07-08T21:18:12","modified_gmt":"2022-07-08T21:18:12","slug":"sac-bakimi-ve-kuafor","status":"publish","type":"page","link":"https:\/\/seydasoyler.com.tr\/en\/sac-bakimi-ve-kuafor\/","title":{"rendered":"Sa\u00e7 Bak\u0131m\u0131 ve Kuaf\u00f6r"},"content":{"rendered":"\t\t<div data-elementor-type=\"wp-page\" data-elementor-id=\"50011\" class=\"elementor elementor-50011\">\n\t\t\t\t\t\t<section class=\"elementor-section elementor-top-section elementor-element elementor-element-ce43242 elementor-section-stretched elementor-section-boxed elementor-section-height-default elementor-section-height-default\" data-id=\"ce43242\" data-element_type=\"section\" data-settings=\"{&quot;background_background&quot;:&quot;classic&quot;,&quot;stretch_section&quot;:&quot;section-stretched&quot;}\">\n\t\t\t\t\t\t<div class=\"elementor-container elementor-column-gap-default\">\n\t\t\t\t\t<div class=\"elementor-column elementor-col-100 elementor-top-column elementor-element elementor-element-8278b12\" data-id=\"8278b12\" data-element_type=\"column\">\n\t\t\t<div class=\"elementor-widget-wrap elementor-element-populated\">\n\t\t\t\t\t\t<div class=\"elementor-element elementor-element-d969c8b ready-to-transform elementor-widget elementor-widget-heading\" data-id=\"d969c8b\" data-element_type=\"widget\" data-widget_type=\"heading.default\">\n\t\t\t\t<div class=\"elementor-widget-container\">\n\t\t\t<h3 class=\"elementor-heading-title elementor-size-default\">Sa\u00e7 Bak\u0131m\u0131 ve Kuaf\u00f6r<\/h3>\t\t<\/div>\n\t\t\t\t<\/div>\n\t\t\t\t<div class=\"elementor-element elementor-element-757114f elementor-widget elementor-widget-text-editor\" data-id=\"757114f\" data-element_type=\"widget\" data-widget_type=\"text-editor.default\">\n\t\t\t\t<div class=\"elementor-widget-container\">\n\t\t\t\t\t\t\t<p>Sa\u00e7 bak\u0131m sekt\u00f6r\u00fc son y\u0131llarda \u00fclkemizde hem yerel hem de k\u00fcresel \u00e7apta turistler taraf\u0131ndan b\u00fcy\u00fck ilgi g\u00f6rmektedir. Sa\u00e7lar\u0131n\u0131za uzman ekibimizle, yapt\u0131\u011f\u0131m\u0131z her i\u015fte amac\u0131m\u0131z siz misafirlerimizi mutlu etmektir. \u00a0\u00a0Bu sebeple sa\u00e7 bak\u0131mlar\u0131n\u0131z\u0131 etkin bir \u015fekilde yapmal\u0131 ve ileriki y\u0131llarda olu\u015fabilecek olan k\u0131r\u0131klar\u0131 ve d\u00f6k\u00fclmeleri engelleyebilir ve sa\u00e7lar\u0131n\u0131za yeni karakter, heyecan ve stil kazand\u0131rabiliriz. \u00a0\u015eeyda S\u00f6yler Ortak\u00f6y\u2019de bak\u0131m hizmetleri olarak sa\u00e7lar\u0131n\u0131z\u0131n bak\u0131m\u0131nda ve kuaf\u00f6r hizmetlerinde sizlere yard\u0131mc\u0131 olmaktan b\u00fcy\u00fck mutluluk duyar\u0131z.<br \/><br \/><strong>\u015eubelerimizde Hangi Hizmetleri Vermekteyiz?<\/strong><\/p><p>\u015eubelerimiz genelinde sa\u00e7lar\u0131n\u0131z\u0131n i\u00e7in etkili y\u00f6ntemleri se\u00e7mekteyiz. Etkili y\u00f6ntemlerden kast\u0131m\u0131z daha \u00f6ncesinde yurt i\u00e7inde ve yurt d\u0131\u015f\u0131nda yap\u0131lan deneyler ile olumlu sonu\u00e7 verdi\u011fi kan\u0131tlanan operasyonlar\u0131 sa\u00e7lar\u0131n\u0131z \u00fczerinde uyguluyoruz. \u015eubelerimizden Ortak\u00f6y \u015fubemizde sa\u00e7 bak\u0131m\u0131 ad\u0131na detayl\u0131 hizmetler sunmaktay\u0131z.<\/p><p>Bu hizmetlerimizden baz\u0131lar\u0131; <strong>Ombre ve Sombre uygulamalar\u0131, Freelight , Hair Extesions (Sa\u00e7 uzatma), Hair Cut, Hair Care, Blow Dry<\/strong> gibi uygulamalard\u0131r. Hizmetlerimiz sayd\u0131klar\u0131m\u0131z ile say\u0131l\u0131 kalmamakta birlikte g\u00fcncel olan y\u00f6ntemleri de hemen hemen ilk kullanan i\u015fletmelerden biri olmaktay\u0131z. Sa\u00e7lar\u0131n\u0131za de\u011fer vermek istiyorsan\u0131z en yak\u0131n zamanda \u015fubemizdeki de\u011ferli \u00e7al\u0131\u015fanlar\u0131m\u0131zdan destek alman\u0131z\u0131 \u00f6neririz.<\/p>\t\t\t\t\t\t<\/div>\n\t\t\t\t<\/div>\n\t\t\t\t<section class=\"elementor-section elementor-inner-section elementor-element elementor-element-1323f37 elementor-section-boxed elementor-section-height-default elementor-section-height-default\" data-id=\"1323f37\" data-element_type=\"section\">\n\t\t\t\t\t\t<div class=\"elementor-container elementor-column-gap-default\">\n\t\t\t\t\t<div class=\"elementor-column elementor-col-33 elementor-inner-column elementor-element elementor-element-aa89bbf\" data-id=\"aa89bbf\" data-element_type=\"column\">\n\t\t\t<div class=\"elementor-widget-wrap elementor-element-populated\">\n\t\t\t\t\t\t<div class=\"elementor-element elementor-element-fe6e342 image-move-top-bottom elementor-widget elementor-widget-image\" data-id=\"fe6e342\" data-element_type=\"widget\" data-widget_type=\"image.default\">\n\t\t\t\t<div class=\"elementor-widget-container\">\n\t\t\t\t\t\t\t\t\t\t\t\t\t<img src=\"https:\/\/seydasoyler.com.tr\/en\/wp-content\/uploads\/2022\/07\/kuaforvesacbakimi1.jpg\" title=\"kuaforvesacbakimi1\" alt=\"kuaforvesacbakimi1\" loading=\"lazy\" \/>\t\t\t\t\t\t\t\t\t\t\t\t\t<\/div>\n\t\t\t\t<\/div>\n\t\t\t\t\t<\/div>\n\t\t<\/div>\n\t\t\t\t<div class=\"elementor-column elementor-col-33 elementor-inner-column elementor-element elementor-element-5597cbd\" data-id=\"5597cbd\" data-element_type=\"column\">\n\t\t\t<div class=\"elementor-widget-wrap elementor-element-populated\">\n\t\t\t\t\t\t<div class=\"elementor-element elementor-element-a490c22 image-move-top-bottom elementor-widget elementor-widget-image\" data-id=\"a490c22\" data-element_type=\"widget\" data-widget_type=\"image.default\">\n\t\t\t\t<div class=\"elementor-widget-container\">\n\t\t\t\t\t\t\t\t\t\t\t\t\t<img src=\"https:\/\/seydasoyler.com.tr\/en\/wp-content\/uploads\/2022\/07\/kuaforvesacbakimi.jpg\" title=\"kuaf\u00f6rvesacbakimi\" alt=\"kuaf\u00f6rvesacbakimi\" loading=\"lazy\" \/>\t\t\t\t\t\t\t\t\t\t\t\t\t<\/div>\n\t\t\t\t<\/div>\n\t\t\t\t\t<\/div>\n\t\t<\/div>\n\t\t\t\t<div class=\"elementor-column elementor-col-33 elementor-inner-column elementor-element elementor-element-7a606c1\" data-id=\"7a606c1\" data-element_type=\"column\">\n\t\t\t<div class=\"elementor-widget-wrap elementor-element-populated\">\n\t\t\t\t\t\t<div class=\"elementor-element elementor-element-2308a94 image-move-top-bottom elementor-widget elementor-widget-image\" data-id=\"2308a94\" data-element_type=\"widget\" data-widget_type=\"image.default\">\n\t\t\t\t<div class=\"elementor-widget-container\">\n\t\t\t\t\t\t\t\t\t\t\t\t\t<img src=\"https:\/\/seydasoyler.com.tr\/en\/wp-content\/uploads\/2022\/07\/88a90191-61b4-48cf-8ad1-22cbc3233ea6.jpg\" title=\"88a90191-61b4-48cf-8ad1-22cbc3233ea6\" alt=\"88a90191-61b4-48cf-8ad1-22cbc3233ea6\" loading=\"lazy\" \/>\t\t\t\t\t\t\t\t\t\t\t\t\t<\/div>\n\t\t\t\t<\/div>\n\t\t\t\t\t<\/div>\n\t\t<\/div>\n\t\t\t\t\t<\/div>\n\t\t<\/section>\n\t\t\t\t\t<\/div>\n\t\t<\/div>\n\t\t\t\t\t<\/div>\n\t\t<\/section>\n\t\t\t\t<section class=\"elementor-section elementor-top-section elementor-element elementor-element-5a5c81b elementor-section-stretched elementor-section-boxed elementor-section-height-default elementor-section-height-default\" data-id=\"5a5c81b\" data-element_type=\"section\" data-settings=\"{&quot;background_background&quot;:&quot;classic&quot;,&quot;stretch_section&quot;:&quot;section-stretched&quot;}\">\n\t\t\t\t\t\t<div class=\"elementor-container elementor-column-gap-default\">\n\t\t\t\t\t<div class=\"elementor-column elementor-col-33 elementor-top-column elementor-element elementor-element-b69c1b7\" data-id=\"b69c1b7\" data-element_type=\"column\">\n\t\t\t<div class=\"elementor-widget-wrap elementor-element-populated\">\n\t\t\t\t\t\t<div class=\"elementor-element elementor-element-274732b elementor-widget elementor-widget-heading\" data-id=\"274732b\" data-element_type=\"widget\" data-widget_type=\"heading.default\">\n\t\t\t\t<div class=\"elementor-widget-container\">\n\t\t\t<p class=\"elementor-heading-title elementor-size-default\">\u015eeyda S\u00f6yler Ni\u015fanta\u015f\u0131<\/p>\t\t<\/div>\n\t\t\t\t<\/div>\n\t\t\t\t<div class=\"elementor-element elementor-element-9135b20 ready-to-transform elementor-widget elementor-widget-heading\" data-id=\"9135b20\" data-element_type=\"widget\" data-widget_type=\"heading.default\">\n\t\t\t\t<div class=\"elementor-widget-container\">\n\t\t\t<h3 class=\"elementor-heading-title elementor-size-default\">S\u0131k\u00e7a Sorulan Sorular<\/h3>\t\t<\/div>\n\t\t\t\t<\/div>\n\t\t\t\t<section class=\"elementor-section elementor-inner-section elementor-element elementor-element-e629fde move-icon-sidewise elementor-section-boxed elementor-section-height-default elementor-section-height-default\" data-id=\"e629fde\" data-element_type=\"section\">\n\t\t\t\t\t\t<div class=\"elementor-container elementor-column-gap-default\">\n\t\t\t\t\t<div class=\"elementor-column elementor-col-100 elementor-inner-column elementor-element elementor-element-b7da098\" data-id=\"b7da098\" data-element_type=\"column\">\n\t\t\t<div class=\"elementor-widget-wrap elementor-element-populated\">\n\t\t\t\t\t\t<div class=\"elementor-element elementor-element-a961f39 rt-hospital-detail elementor-vertical-align-top elementor-widget elementor-widget-image-box\" data-id=\"a961f39\" data-element_type=\"widget\" data-widget_type=\"image-box.default\">\n\t\t\t\t<div class=\"elementor-widget-container\">\n\t\t\t<div class=\"elementor-image-box-wrapper\"><div class=\"elementor-image-box-content\"><h6 class=\"elementor-image-box-title\">Sa\u00e7 Bak\u0131m\u0131 ve Kuaf\u00f6r Kimlere Uygulanmaktad\u0131r?<\/h6><p class=\"elementor-image-box-description\">Sa\u00e7 bak\u0131m\u0131 g\u00fcn\u00fcm\u00fczde yediden yetmi\u015fe t\u00fcm ya\u015f gruplar\u0131 i\u00e7in uygulanabilmektedir. Parlak ve g\u00fc\u00e7l\u00fc sa\u00e7lar i\u00e7in \u00e7o\u011funlukla yurt i\u00e7i ve yurt d\u0131\u015f\u0131ndan bir\u00e7ok talep almaktay\u0131z. K\u0131saca g\u00fcn\u00fcm\u00fczde hem erkek hem de kad\u0131n fark etmeksizin bir\u00e7ok insan rahatl\u0131kla sa\u00e7 bak\u0131m\u0131 ve kuaf\u00f6r hizmetlerinden yararlanmaktad\u0131r<\/p><\/div><\/div>\t\t<\/div>\n\t\t\t\t<\/div>\n\t\t\t\t\t<\/div>\n\t\t<\/div>\n\t\t\t\t\t<\/div>\n\t\t<\/section>\n\t\t\t\t<section class=\"elementor-section elementor-inner-section elementor-element elementor-element-e1c268a move-icon-sidewise elementor-section-boxed elementor-section-height-default elementor-section-height-default\" data-id=\"e1c268a\" data-element_type=\"section\">\n\t\t\t\t\t\t<div class=\"elementor-container elementor-column-gap-default\">\n\t\t\t\t\t<div class=\"elementor-column elementor-col-100 elementor-inner-column elementor-element elementor-element-6583621\" data-id=\"6583621\" data-element_type=\"column\">\n\t\t\t<div class=\"elementor-widget-wrap elementor-element-populated\">\n\t\t\t\t\t\t<div class=\"elementor-element elementor-element-a07e978 rt-hospital-detail elementor-vertical-align-top elementor-widget elementor-widget-image-box\" data-id=\"a07e978\" data-element_type=\"widget\" data-widget_type=\"image-box.default\">\n\t\t\t\t<div class=\"elementor-widget-container\">\n\t\t\t<div class=\"elementor-image-box-wrapper\"><div class=\"elementor-image-box-content\"><h6 class=\"elementor-image-box-title\">Kuaf\u00f6r Hizmeti Hangi \u015eubelerimizde ?<\/h6><p class=\"elementor-image-box-description\">\u015eeyda S\u00f6yler Ni\u015fanta\u015f\u0131 Ortak\u00f6y \u015fubemizde sa\u00e7 bak\u0131m\u0131 ve kuaf\u00f6r hizmetlerinden yararlanabilirsiniz.<\/p><\/div><\/div>\t\t<\/div>\n\t\t\t\t<\/div>\n\t\t\t\t\t<\/div>\n\t\t<\/div>\n\t\t\t\t\t<\/div>\n\t\t<\/section>\n\t\t\t\t<section class=\"elementor-section elementor-inner-section elementor-element elementor-element-3128c8a move-icon-sidewise elementor-section-boxed elementor-section-height-default elementor-section-height-default\" data-id=\"3128c8a\" data-element_type=\"section\">\n\t\t\t\t\t\t<div class=\"elementor-container elementor-column-gap-default\">\n\t\t\t\t\t<div class=\"elementor-column elementor-col-100 elementor-inner-column elementor-element elementor-element-b2e24cc\" data-id=\"b2e24cc\" data-element_type=\"column\">\n\t\t\t<div class=\"elementor-widget-wrap elementor-element-populated\">\n\t\t\t\t\t\t<div class=\"elementor-element elementor-element-aee10c2 rt-hospital-detail elementor-vertical-align-top elementor-widget elementor-widget-image-box\" data-id=\"aee10c2\" data-element_type=\"widget\" data-widget_type=\"image-box.default\">\n\t\t\t\t<div class=\"elementor-widget-container\">\n\t\t\t<div class=\"elementor-image-box-wrapper\"><div class=\"elementor-image-box-content\"><h6 class=\"elementor-image-box-title\">Nelere Dikkat Ediyoruz ?<\/h6><p class=\"elementor-image-box-description\">Sa\u00e7lar\u0131n temiz bak\u0131ml\u0131 olmas\u0131n\u0131n yan\u0131 s\u0131ra hangi y\u00fcz \u015fekline hangi sa\u00e7 kesimi yap\u0131lmal\u0131, sa\u00e7\u0131n yap\u0131s\u0131, karakteri, cinsi gibi konular dikkatle ele al\u0131nmal\u0131d\u0131r.<\/p><\/div><\/div>\t\t<\/div>\n\t\t\t\t<\/div>\n\t\t\t\t\t<\/div>\n\t\t<\/div>\n\t\t\t\t\t<\/div>\n\t\t<\/section>\n\t\t\t\t\t<\/div>\n\t\t<\/div>\n\t\t\t\t<div class=\"elementor-column elementor-col-33 elementor-top-column elementor-element elementor-element-6017586\" data-id=\"6017586\" data-element_type=\"column\">\n\t\t\t<div class=\"elementor-widget-wrap\">\n\t\t\t\t\t\t\t<\/div>\n\t\t<\/div>\n\t\t\t\t<div class=\"elementor-column elementor-col-33 elementor-top-column elementor-element elementor-element-b4e7baa\" data-id=\"b4e7baa\" data-element_type=\"column\">\n\t\t\t<div class=\"elementor-widget-wrap elementor-element-populated\">\n\t\t\t\t\t\t<div class=\"elementor-element elementor-element-b9f15dd elementor-widget-mobile__width-initial moving-image-left-right elementor-widget elementor-widget-image\" data-id=\"b9f15dd\" data-element_type=\"widget\" data-widget_type=\"image.default\">\n\t\t\t\t<div class=\"elementor-widget-container\">\n\t\t\t\t\t\t\t\t\t\t\t\t\t<img fetchpriority=\"high\" width=\"1200\" height=\"1068\" src=\"https:\/\/seydasoyler.com.tr\/en\/wp-content\/uploads\/2022\/07\/IMG-4045.jpg\" class=\"attachment-full size-full wp-image-50018\" alt=\"\" srcset=\"https:\/\/seydasoyler.com.tr\/en\/wp-content\/uploads\/2022\/07\/IMG-4045.jpg 1200w, https:\/\/seydasoyler.com.tr\/en\/wp-content\/uploads\/2022\/07\/IMG-4045-270x240.jpg 270w, https:\/\/seydasoyler.com.tr\/en\/wp-content\/uploads\/2022\/07\/IMG-4045-1024x911.jpg 1024w, https:\/\/seydasoyler.com.tr\/en\/wp-content\/uploads\/2022\/07\/IMG-4045-768x684.jpg 768w\" sizes=\"(max-width: 1200px) 100vw, 1200px\" \/>\t\t\t\t\t\t\t\t\t\t\t\t\t<\/div>\n\t\t\t\t<\/div>\n\t\t\t\t\t<\/div>\n\t\t<\/div>\n\t\t\t\t\t<\/div>\n\t\t<\/section>\n\t\t\t\t<\/div>\n\t\t","protected":false},"excerpt":{"rendered":"<p>Sa\u00e7 Bak\u0131m\u0131 ve Kuaf\u00f6r Sa\u00e7 bak\u0131m sekt\u00f6r\u00fc son y\u0131llarda \u00fclkemizde hem yerel hem de k\u00fcresel \u00e7apta turistler taraf\u0131ndan b\u00fcy\u00fck ilgi g\u00f6rmektedir. Sa\u00e7lar\u0131n\u0131za uzman ekibimizle, yapt\u0131\u011f\u0131m\u0131z her i\u015fte amac\u0131m\u0131z siz misafirlerimizi mutlu etmektir. \u00a0\u00a0Bu sebeple sa\u00e7 bak\u0131mlar\u0131n\u0131z\u0131 etkin bir \u015fekilde yapmal\u0131 ve ileriki y\u0131llarda olu\u015fabilecek olan k\u0131r\u0131klar\u0131 ve d\u00f6k\u00fclmeleri engelleyebilir ve sa\u00e7lar\u0131n\u0131za yeni karakter, heyecan ve [&hellip;]<\/p>\n","protected":false},"author":1,"featured_media":49389,"parent":0,"menu_order":0,"comment_status":"closed","ping_status":"closed","template":"elementor_header_footer","meta":{"_joinchat":[]},"acf":[],"yoast_head":"<!-- This site is optimized with the Yoast SEO plugin v20.6 - https:\/\/yoast.com\/wordpress\/plugins\/seo\/ -->\n<title>Sa\u00e7 Bak\u0131m\u0131 ve Kuaf\u00f6r - \u015eeyda S\u00f6yler Ni\u015fanta\u015f\u0131<\/title>\n<meta name=\"description\" content=\"\u015eeyda S\u00f6yler Ni\u015fanta\u015f\u0131&#039;nda Sa\u00e7 bak\u0131m\u0131 ve kuaf\u00f6r hizmetlerinden yararlanabilirsiniz. Bilgi ve randevu i\u00e7in bize ula\u015fabilirsiniz.\" \/>\n<meta name=\"robots\" content=\"index, follow, max-snippet:-1, max-image-preview:large, max-video-preview:-1\" \/>\n<link rel=\"canonical\" href=\"https:\/\/seydasoyler.com.tr\/en\/sac-bakimi-ve-kuafor\/\" \/>\n<meta property=\"og:locale\" content=\"tr_TR\" \/>\n<meta property=\"og:type\" content=\"article\" \/>\n<meta property=\"og:title\" content=\"Sa\u00e7 Bak\u0131m\u0131 ve Kuaf\u00f6r - \u015eeyda S\u00f6yler Ni\u015fanta\u015f\u0131\" \/>\n<meta property=\"og:description\" content=\"\u015eeyda S\u00f6yler Ni\u015fanta\u015f\u0131&#039;nda Sa\u00e7 bak\u0131m\u0131 ve kuaf\u00f6r hizmetlerinden yararlanabilirsiniz. Bilgi ve randevu i\u00e7in bize ula\u015fabilirsiniz.\" \/>\n<meta property=\"og:url\" content=\"https:\/\/seydasoyler.com.tr\/en\/sac-bakimi-ve-kuafor\/\" \/>\n<meta property=\"og:site_name\" content=\"\u015eeyda S\u00f6yler Ni\u015fanta\u015f\u0131\" \/>\n<meta property=\"article:modified_time\" content=\"2022-07-08T21:18:12+00:00\" \/>\n<meta property=\"og:image\" content=\"https:\/\/seydasoyler.com.tr\/en\/wp-content\/uploads\/2021\/10\/seyda-bg.jpg\" \/>\n\t<meta property=\"og:image:width\" content=\"1600\" \/>\n\t<meta property=\"og:image:height\" content=\"350\" \/>\n\t<meta property=\"og:image:type\" content=\"image\/jpeg\" \/>\n<meta name=\"twitter:card\" content=\"summary_large_image\" \/>\n<meta name=\"twitter:label1\" content=\"Tahmini okuma s\u00fcresi\" \/>\n\t<meta name=\"twitter:data1\" content=\"3 dakika\" \/>\n<script type=\"application\/ld+json\" class=\"yoast-schema-graph\">{\"@context\":\"https:\/\/schema.org\",\"@graph\":[{\"@type\":\"WebPage\",\"@id\":\"https:\/\/seydasoyler.com.tr\/en\/sac-bakimi-ve-kuafor\/\",\"url\":\"https:\/\/seydasoyler.com.tr\/en\/sac-bakimi-ve-kuafor\/\",\"name\":\"Sa\u00e7 Bak\u0131m\u0131 ve Kuaf\u00f6r - \u015eeyda S\u00f6yler Ni\u015fanta\u015f\u0131\",\"isPartOf\":{\"@id\":\"https:\/\/seydasoyler.com.tr\/en\/#website\"},\"datePublished\":\"2022-07-08T20:49:27+00:00\",\"dateModified\":\"2022-07-08T21:18:12+00:00\",\"description\":\"\u015eeyda S\u00f6yler Ni\u015fanta\u015f\u0131'nda Sa\u00e7 bak\u0131m\u0131 ve kuaf\u00f6r hizmetlerinden yararlanabilirsiniz. Bilgi ve randevu i\u00e7in bize ula\u015fabilirsiniz.\",\"breadcrumb\":{\"@id\":\"https:\/\/seydasoyler.com.tr\/en\/sac-bakimi-ve-kuafor\/#breadcrumb\"},\"inLanguage\":\"tr\",\"potentialAction\":[{\"@type\":\"ReadAction\",\"target\":[\"https:\/\/seydasoyler.com.tr\/en\/sac-bakimi-ve-kuafor\/\"]}]},{\"@type\":\"BreadcrumbList\",\"@id\":\"https:\/\/seydasoyler.com.tr\/en\/sac-bakimi-ve-kuafor\/#breadcrumb\",\"itemListElement\":[{\"@type\":\"ListItem\",\"position\":1,\"name\":\"Home\",\"item\":\"https:\/\/seydasoyler.com.tr\/en\/\"},{\"@type\":\"ListItem\",\"position\":2,\"name\":\"Sa\u00e7 Bak\u0131m\u0131 ve Kuaf\u00f6r\"}]},{\"@type\":\"WebSite\",\"@id\":\"https:\/\/seydasoyler.com.tr\/en\/#website\",\"url\":\"https:\/\/seydasoyler.com.tr\/en\/\",\"name\":\"\u015eeyda S\u00f6yler Ni\u015fanta\u015f\u0131\",\"description\":\"Just another WordPress site\",\"potentialAction\":[{\"@type\":\"SearchAction\",\"target\":{\"@type\":\"EntryPoint\",\"urlTemplate\":\"https:\/\/seydasoyler.com.tr\/en\/?s={search_term_string}\"},\"query-input\":\"required name=search_term_string\"}],\"inLanguage\":\"tr\"}]}<\/script>\n<!-- \/ Yoast SEO plugin. -->","yoast_head_json":{"title":"Sa\u00e7 Bak\u0131m\u0131 ve Kuaf\u00f6r - \u015eeyda S\u00f6yler Ni\u015fanta\u015f\u0131","description":"\u015eeyda S\u00f6yler Ni\u015fanta\u015f\u0131'nda Sa\u00e7 bak\u0131m\u0131 ve kuaf\u00f6r hizmetlerinden yararlanabilirsiniz. Bilgi ve randevu i\u00e7in bize ula\u015fabilirsiniz.","robots":{"index":"index","follow":"follow","max-snippet":"max-snippet:-1","max-image-preview":"max-image-preview:large","max-video-preview":"max-video-preview:-1"},"canonical":"https:\/\/seydasoyler.com.tr\/en\/sac-bakimi-ve-kuafor\/","og_locale":"tr_TR","og_type":"article","og_title":"Sa\u00e7 Bak\u0131m\u0131 ve Kuaf\u00f6r - \u015eeyda S\u00f6yler Ni\u015fanta\u015f\u0131","og_description":"\u015eeyda S\u00f6yler Ni\u015fanta\u015f\u0131'nda Sa\u00e7 bak\u0131m\u0131 ve kuaf\u00f6r hizmetlerinden yararlanabilirsiniz. Bilgi ve randevu i\u00e7in bize ula\u015fabilirsiniz.","og_url":"https:\/\/seydasoyler.com.tr\/en\/sac-bakimi-ve-kuafor\/","og_site_name":"\u015eeyda S\u00f6yler Ni\u015fanta\u015f\u0131","article_modified_time":"2022-07-08T21:18:12+00:00","og_image":[{"width":1600,"height":350,"url":"https:\/\/seydasoyler.com.tr\/en\/wp-content\/uploads\/2021\/10\/seyda-bg.jpg","type":"image\/jpeg"}],"twitter_card":"summary_large_image","twitter_misc":{"Tahmini okuma s\u00fcresi":"3 dakika"},"schema":{"@context":"https:\/\/schema.org","@graph":[{"@type":"WebPage","@id":"https:\/\/seydasoyler.com.tr\/en\/sac-bakimi-ve-kuafor\/","url":"https:\/\/seydasoyler.com.tr\/en\/sac-bakimi-ve-kuafor\/","name":"Sa\u00e7 Bak\u0131m\u0131 ve Kuaf\u00f6r - \u015eeyda S\u00f6yler Ni\u015fanta\u015f\u0131","isPartOf":{"@id":"https:\/\/seydasoyler.com.tr\/en\/#website"},"datePublished":"2022-07-08T20:49:27+00:00","dateModified":"2022-07-08T21:18:12+00:00","description":"\u015eeyda S\u00f6yler Ni\u015fanta\u015f\u0131'nda Sa\u00e7 bak\u0131m\u0131 ve kuaf\u00f6r hizmetlerinden yararlanabilirsiniz. Bilgi ve randevu i\u00e7in bize ula\u015fabilirsiniz.","breadcrumb":{"@id":"https:\/\/seydasoyler.com.tr\/en\/sac-bakimi-ve-kuafor\/#breadcrumb"},"inLanguage":"tr","potentialAction":[{"@type":"ReadAction","target":["https:\/\/seydasoyler.com.tr\/en\/sac-bakimi-ve-kuafor\/"]}]},{"@type":"BreadcrumbList","@id":"https:\/\/seydasoyler.com.tr\/en\/sac-bakimi-ve-kuafor\/#breadcrumb","itemListElement":[{"@type":"ListItem","position":1,"name":"Home","item":"https:\/\/seydasoyler.com.tr\/en\/"},{"@type":"ListItem","position":2,"name":"Sa\u00e7 Bak\u0131m\u0131 ve Kuaf\u00f6r"}]},{"@type":"WebSite","@id":"https:\/\/seydasoyler.com.tr\/en\/#website","url":"https:\/\/seydasoyler.com.tr\/en\/","name":"\u015eeyda S\u00f6yler Ni\u015fanta\u015f\u0131","description":"Just another WordPress site","potentialAction":[{"@type":"SearchAction","target":{"@type":"EntryPoint","urlTemplate":"https:\/\/seydasoyler.com.tr\/en\/?s={search_term_string}"},"query-input":"required name=search_term_string"}],"inLanguage":"tr"}]}},"_links":{"self":[{"href":"https:\/\/seydasoyler.com.tr\/en\/wp-json\/wp\/v2\/pages\/50011"}],"collection":[{"href":"https:\/\/seydasoyler.com.tr\/en\/wp-json\/wp\/v2\/pages"}],"about":[{"href":"https:\/\/seydasoyler.com.tr\/en\/wp-json\/wp\/v2\/types\/page"}],"author":[{"embeddable":true,"href":"https:\/\/seydasoyler.com.tr\/en\/wp-json\/wp\/v2\/users\/1"}],"replies":[{"embeddable":true,"href":"https:\/\/seydasoyler.com.tr\/en\/wp-json\/wp\/v2\/comments?post=50011"}],"version-history":[{"count":6,"href":"https:\/\/seydasoyler.com.tr\/en\/wp-json\/wp\/v2\/pages\/50011\/revisions"}],"predecessor-version":[{"id":50024,"href":"https:\/\/seydasoyler.com.tr\/en\/wp-json\/wp\/v2\/pages\/50011\/revisions\/50024"}],"wp:featuredmedia":[{"embeddable":true,"href":"https:\/\/seydasoyler.com.tr\/en\/wp-json\/wp\/v2\/media\/49389"}],"wp:attachment":[{"href":"https:\/\/seydasoyler.com.tr\/en\/wp-json\/wp\/v2\/media?parent=50011"}],"curies":[{"name":"wp","href":"https:\/\/api.w.org\/{rel}","templated":true}]}}